{"id":2812,"date":"2020-08-26T18:18:25","date_gmt":"2020-08-26T18:18:25","guid":{"rendered":"https:\/\/taniarubio.com\/?page_id=2812"},"modified":"2023-09-11T17:02:51","modified_gmt":"2023-09-11T17:02:51","slug":"pagina-obras","status":"publish","type":"page","link":"https:\/\/taniarubio.com\/en\/pagina-obras\/","title":{"rendered":"Works"},"content":{"rendered":"<div data-elementor-type=\"wp-page\" data-elementor-id=\"2812\" class=\"elementor elementor-2812\" data-elementor-post-type=\"page\">\n\t\t\t\t\t\t<section data-dce-background-overlay-color=\"#000000\" class=\"elementor-section elementor-top-section elementor-element elementor-element-383fdcd elementor-section-boxed elementor-section-height-default elementor-section-height-default\" data-id=\"383fdcd\" data-element_type=\"section\" data-settings=\"{&quot;background_background&quot;:&quot;video&quot;,&quot;background_video_link&quot;:&quot;\\\/wp-content\\\/uploads\\\/Main-Comp-2.mp4&quot;}\">\n\t\t\t\t\t\t\t\t<div class=\"elementor-background-video-container elementor-hidden-mobile\">\n\t\t\t\t\t\t\t\t\t\t\t\t\t<video class=\"elementor-background-video-hosted\" autoplay muted playsinline loop><\/video>\n\t\t\t\t\t\t\t\t\t\t\t<\/div>\n\t\t\t\t\t\t\t\t\t<div class=\"elementor-background-overlay\"><\/div>\n\t\t\t\t\t\t\t<div class=\"elementor-container elementor-column-gap-default\">\n\t\t\t\t\t<div class=\"elementor-column elementor-col-100 elementor-top-column elementor-element elementor-element-1d2926f\" data-id=\"1d2926f\" data-element_type=\"column\">\n\t\t\t<div class=\"elementor-widget-wrap elementor-element-populated\">\n\t\t\t\t\t\t<div class=\"elementor-element elementor-element-cb4f8bd elementor-widget elementor-widget-heading\" data-id=\"cb4f8bd\" data-element_type=\"widget\" data-widget_type=\"heading.default\">\n\t\t\t\t<div class=\"elementor-widget-container\">\n\t\t\t\t\t<h2 class=\"elementor-heading-title elementor-size-default\">Works<\/h2>\t\t\t\t<\/div>\n\t\t\t\t<\/div>\n\t\t\t\t<div class=\"elementor-element elementor-element-0cdcb5b elementor-widget elementor-widget-dce-breadcrumbs\" data-id=\"0cdcb5b\" data-element_type=\"widget\" data-widget_type=\"dce-breadcrumbs.default\">\n\t\t\t\t<div class=\"elementor-widget-container\">\n\t\t\t\t\t<ul><li class=\"item-home\"><a class=\"bread-link bread-home\" href=\"https:\/\/taniarubio.com\/en\" title=\"Home\">Home<\/a><\/li><li class=\"separator separator-home\"> <span class=\"dce-separator\"> &gt; <\/span> <\/li><\/ul>\t\t\t\t<\/div>\n\t\t\t\t<\/div>\n\t\t\t\t\t<\/div>\n\t\t<\/div>\n\t\t\t\t\t<\/div>\n\t\t<\/section>\n\t\t\t\t<section class=\"elementor-section elementor-top-section elementor-element elementor-element-acd8d2b elementor-section-boxed elementor-section-height-default elementor-section-height-default\" data-id=\"acd8d2b\" data-element_type=\"section\">\n\t\t\t\t\t\t<div class=\"elementor-container elementor-column-gap-default\">\n\t\t\t\t\t<div class=\"elementor-column elementor-col-100 elementor-top-column elementor-element elementor-element-c92a8d8\" data-id=\"c92a8d8\" data-element_type=\"column\">\n\t\t\t<div class=\"elementor-widget-wrap elementor-element-populated\">\n\t\t\t\t\t\t<div class=\"elementor-element elementor-element-9005a5e dce-col-3 dce-posts-layout-default dce-col-tablet-3 dce-col-mobile-1 dce-align-left elementor-widget elementor-widget-dce-dynamicposts-v2\" data-id=\"9005a5e\" data-element_type=\"widget\" data-settings=\"{&quot;templatemode_linkable&quot;:&quot;yes&quot;,&quot;grid_match_height&quot;:&quot;yes&quot;,&quot;style_items&quot;:&quot;default&quot;,&quot;grid_grid_type&quot;:&quot;flex&quot;}\" data-widget_type=\"dce-dynamicposts-v2.grid\">\n\t\t\t\t<div class=\"elementor-widget-container\">\n\t\t\t\t\t\n\t\t<div class=\"dce-fix-background-loop dce-posts-container dce-posts dce-dynamic-posts-collection  dce-skin-grid dce-skin-grid-flex\">\n\t\t\t\t\t\t<div class=\"dce-posts-wrapper dce-wrapper-grid\">\n\t\t\t\n\t\t<article class=\"post-6952 obras type-obras status-publish has-post-thumbnail hentry category-musica-de-camara category-musica-escenica category-teatro-musical dce-post dce-post-item dce-item-grid\" data-dce-post-id=\"6952\" data-dce-post-index=\"0\" data-post-link=\"https:\/\/taniarubio.com\/en\/obras\/6952\/\">\n\t\t\t<div class=\"dce-post-block\">\n\t\t<div class=\"dce-item dce-item_image elementor-repeater-item-3320d70\"><a class=\"dce-post-image\" href=\"https:\/\/taniarubio.com\/en\/obras\/6952\/\"><figure data-image-ratio=\"1\" class=\"dce-img\"><img fetchpriority=\"high\" decoding=\"async\" width=\"800\" height=\"600\" src=\"https:\/\/taniarubio.com\/wp-content\/uploads\/Simbio-1024x768.jpg\" class=\"\" alt=\"Simbiog\u00e9nesis\" srcset=\"https:\/\/taniarubio.com\/wp-content\/uploads\/Simbio-1024x768.jpg 1024w, https:\/\/taniarubio.com\/wp-content\/uploads\/Simbio-300x225.jpg 300w, https:\/\/taniarubio.com\/wp-content\/uploads\/Simbio-768x576.jpg 768w, https:\/\/taniarubio.com\/wp-content\/uploads\/Simbio-1536x1152.jpg 1536w, https:\/\/taniarubio.com\/wp-content\/uploads\/Simbio-2048x1536.jpg 2048w, https:\/\/taniarubio.com\/wp-content\/uploads\/Simbio-16x12.jpg 16w\" sizes=\"(max-width: 800px) 100vw, 800px\" \/><\/figure><\/a><\/div><div class=\"dce-item dce-item_title elementor-repeater-item-3c10b94\"><h5 class=\"dce-post-title\"><a href=\"https:\/\/taniarubio.com\/en\/obras\/6952\/\">Simbiog\u00e9nesis<\/a><\/h5><\/div><div class=\"dce-item dce-item_custommeta elementor-repeater-item-57f9f94\"><div class=\"dce-post-custommeta\"><div class=\"dce-meta-item dce-meta-57f9f94 dce-meta-text elementor-repeater-item-57f9f94\"><div>Percussion, multichannel electronics and video<\/div><\/div><\/div><\/div>\t\t\t<\/div>\n\t\t<\/article>\n\t\t\n\t\t<article class=\"post-6946 obras type-obras status-publish has-post-thumbnail hentry category-musica-de-camara dce-post dce-post-item dce-item-grid\" data-dce-post-id=\"6946\" data-dce-post-index=\"1\" data-post-link=\"https:\/\/taniarubio.com\/en\/obras\/haaaaaashhh\/\">\n\t\t\t<div class=\"dce-post-block\">\n\t\t<div class=\"dce-item dce-item_image elementor-repeater-item-3320d70\"><a class=\"dce-post-image\" href=\"https:\/\/taniarubio.com\/en\/obras\/haaaaaashhh\/\"><figure data-image-ratio=\"1\" class=\"dce-img\"><img decoding=\"async\" width=\"800\" height=\"669\" src=\"https:\/\/taniarubio.com\/wp-content\/uploads\/10.02.26-scaled-e1771389586324-1024x856.jpg\" class=\"\" alt=\"HAAAaaaSHHH\" srcset=\"https:\/\/taniarubio.com\/wp-content\/uploads\/10.02.26-scaled-e1771389586324-1024x856.jpg 1024w, https:\/\/taniarubio.com\/wp-content\/uploads\/10.02.26-scaled-e1771389586324-300x251.jpg 300w, https:\/\/taniarubio.com\/wp-content\/uploads\/10.02.26-scaled-e1771389586324-768x642.jpg 768w, https:\/\/taniarubio.com\/wp-content\/uploads\/10.02.26-scaled-e1771389586324-14x12.jpg 14w, https:\/\/taniarubio.com\/wp-content\/uploads\/10.02.26-scaled-e1771389586324.jpg 1306w\" sizes=\"(max-width: 800px) 100vw, 800px\" \/><\/figure><\/a><\/div><div class=\"dce-item dce-item_title elementor-repeater-item-3c10b94\"><h5 class=\"dce-post-title\"><a href=\"https:\/\/taniarubio.com\/en\/obras\/haaaaaashhh\/\">HAAAaaaSHHH<\/a><\/h5><\/div><div class=\"dce-item dce-item_custommeta elementor-repeater-item-57f9f94\"><div class=\"dce-post-custommeta dce-post-custommeta\"><div class=\"dce-meta-item dce-meta-57f9f94 dce-meta-text elementor-repeater-item-57f9f94\"><div>Horn and fixed media<\/div><\/div><\/div><\/div>\t\t\t<\/div>\n\t\t<\/article>\n\t\t\n\t\t<article class=\"post-6928 obras type-obras status-publish has-post-thumbnail hentry category-teatro-musical dce-post dce-post-item dce-item-grid\" data-dce-post-id=\"6928\" data-dce-post-index=\"2\" data-post-link=\"https:\/\/taniarubio.com\/en\/obras\/the-gleaners\/\">\n\t\t\t<div class=\"dce-post-block\">\n\t\t<div class=\"dce-item dce-item_image elementor-repeater-item-3320d70\"><a class=\"dce-post-image\" href=\"https:\/\/taniarubio.com\/en\/obras\/the-gleaners\/\"><figure data-image-ratio=\"1\" class=\"dce-img\"><img decoding=\"async\" width=\"800\" height=\"532\" src=\"https:\/\/taniarubio.com\/wp-content\/uploads\/We-Spoke-1024x681.jpg\" class=\"\" alt=\"The Gleaners\" srcset=\"https:\/\/taniarubio.com\/wp-content\/uploads\/We-Spoke-1024x681.jpg 1024w, https:\/\/taniarubio.com\/wp-content\/uploads\/We-Spoke-300x200.jpg 300w, https:\/\/taniarubio.com\/wp-content\/uploads\/We-Spoke-768x511.jpg 768w, https:\/\/taniarubio.com\/wp-content\/uploads\/We-Spoke-1536x1022.jpg 1536w, https:\/\/taniarubio.com\/wp-content\/uploads\/We-Spoke-2048x1363.jpg 2048w, https:\/\/taniarubio.com\/wp-content\/uploads\/We-Spoke-18x12.jpg 18w\" sizes=\"(max-width: 800px) 100vw, 800px\" \/><\/figure><\/a><\/div><div class=\"dce-item dce-item_title elementor-repeater-item-3c10b94\"><h5 class=\"dce-post-title\"><a href=\"https:\/\/taniarubio.com\/en\/obras\/the-gleaners\/\">The Gleaners<\/a><\/h5><\/div><div class=\"dce-item dce-item_custommeta elementor-repeater-item-57f9f94\"><div class=\"dce-post-custommeta dce-post-custommeta dce-post-custommeta\"><div class=\"dce-meta-item dce-meta-57f9f94 dce-meta-text elementor-repeater-item-57f9f94\"><div>Percussion \/ Toys Quartet<\/div><\/div><\/div><\/div>\t\t\t<\/div>\n\t\t<\/article>\n\t\t\n\t\t<article class=\"post-6925 obras type-obras status-publish has-post-thumbnail hentry category-musica-de-camara dce-post dce-post-item dce-item-grid\" data-dce-post-id=\"6925\" data-dce-post-index=\"3\" data-post-link=\"https:\/\/taniarubio.com\/en\/obras\/in-a-very-distant-place-from-the-anthropocene\/\">\n\t\t\t<div class=\"dce-post-block\">\n\t\t<div class=\"dce-item dce-item_image elementor-repeater-item-3320d70\"><a class=\"dce-post-image\" href=\"https:\/\/taniarubio.com\/en\/obras\/in-a-very-distant-place-from-the-anthropocene\/\"><figure data-image-ratio=\"1\" class=\"dce-img\"><img loading=\"lazy\" decoding=\"async\" width=\"800\" height=\"567\" src=\"https:\/\/taniarubio.com\/wp-content\/uploads\/Lizard-1024x726.jpg\" class=\"\" alt=\"In a very distant place from the Anthropocene\" srcset=\"https:\/\/taniarubio.com\/wp-content\/uploads\/Lizard-1024x726.jpg 1024w, https:\/\/taniarubio.com\/wp-content\/uploads\/Lizard-300x213.jpg 300w, https:\/\/taniarubio.com\/wp-content\/uploads\/Lizard-768x545.jpg 768w, https:\/\/taniarubio.com\/wp-content\/uploads\/Lizard-1536x1089.jpg 1536w, https:\/\/taniarubio.com\/wp-content\/uploads\/Lizard-18x12.jpg 18w, https:\/\/taniarubio.com\/wp-content\/uploads\/Lizard.jpg 2048w\" sizes=\"(max-width: 800px) 100vw, 800px\" \/><\/figure><\/a><\/div><div class=\"dce-item dce-item_title elementor-repeater-item-3c10b94\"><h5 class=\"dce-post-title\"><a href=\"https:\/\/taniarubio.com\/en\/obras\/in-a-very-distant-place-from-the-anthropocene\/\">In a very distant place from the Anthropocene<\/a><\/h5><\/div><div class=\"dce-item dce-item_custommeta elementor-repeater-item-57f9f94\"><div class=\"dce-post-custommeta dce-post-custommeta dce-post-custommeta dce-post-custommeta\"><div class=\"dce-meta-item dce-meta-57f9f94 dce-meta-text elementor-repeater-item-57f9f94\"><div>Sax, Horn, Accordion, Violin, Violoncello, Double Bass, Fixed Media Electronics<\/div><\/div><\/div><\/div>\t\t\t<\/div>\n\t\t<\/article>\n\t\t\n\t\t<article class=\"post-6894 obras type-obras status-publish has-post-thumbnail hentry category-musica-acusmatica dce-post dce-post-item dce-item-grid\" data-dce-post-id=\"6894\" data-dce-post-index=\"4\" data-post-link=\"https:\/\/taniarubio.com\/en\/obras\/the-guardians\/\">\n\t\t\t<div class=\"dce-post-block\">\n\t\t<div class=\"dce-item dce-item_image elementor-repeater-item-3320d70\"><a class=\"dce-post-image\" href=\"https:\/\/taniarubio.com\/en\/obras\/the-guardians\/\"><figure data-image-ratio=\"1\" class=\"dce-img\"><img loading=\"lazy\" decoding=\"async\" width=\"800\" height=\"625\" src=\"https:\/\/taniarubio.com\/wp-content\/uploads\/The-Guardians-1024x800.jpg\" class=\"\" alt=\"The Guardians\" srcset=\"https:\/\/taniarubio.com\/wp-content\/uploads\/The-Guardians-1024x800.jpg 1024w, https:\/\/taniarubio.com\/wp-content\/uploads\/The-Guardians-300x234.jpg 300w, https:\/\/taniarubio.com\/wp-content\/uploads\/The-Guardians-768x600.jpg 768w, https:\/\/taniarubio.com\/wp-content\/uploads\/The-Guardians-1536x1199.jpg 1536w, https:\/\/taniarubio.com\/wp-content\/uploads\/The-Guardians-15x12.jpg 15w, https:\/\/taniarubio.com\/wp-content\/uploads\/The-Guardians.jpg 2048w\" sizes=\"(max-width: 800px) 100vw, 800px\" \/><\/figure><\/a><\/div><div class=\"dce-item dce-item_title elementor-repeater-item-3c10b94\"><h5 class=\"dce-post-title\"><a href=\"https:\/\/taniarubio.com\/en\/obras\/the-guardians\/\">The Guardians<\/a><\/h5><\/div><div class=\"dce-item dce-item_custommeta elementor-repeater-item-57f9f94\"><div class=\"dce-post-custommeta dce-post-custommeta dce-post-custommeta dce-post-custommeta dce-post-custommeta\"><div class=\"dce-meta-item dce-meta-57f9f94 dce-meta-text elementor-repeater-item-57f9f94\"><div>Acousmatic Multichannel<\/div><\/div><\/div><\/div>\t\t\t<\/div>\n\t\t<\/article>\n\t\t\n\t\t<article class=\"post-6611 obras type-obras status-publish has-post-thumbnail hentry category-musica-de-camara category-teatro-musical dce-post dce-post-item dce-item-grid\" data-dce-post-id=\"6611\" data-dce-post-index=\"5\" data-post-link=\"https:\/\/taniarubio.com\/en\/obras\/the-language-of-water\/\">\n\t\t\t<div class=\"dce-post-block\">\n\t\t<div class=\"dce-item dce-item_image elementor-repeater-item-3320d70\"><a class=\"dce-post-image\" href=\"https:\/\/taniarubio.com\/en\/obras\/the-language-of-water\/\"><figure data-image-ratio=\"1\" class=\"dce-img\"><img loading=\"lazy\" decoding=\"async\" width=\"800\" height=\"533\" src=\"https:\/\/taniarubio.com\/wp-content\/uploads\/TLOW_11.jpg\" class=\"\" alt=\"The Language of Water\" srcset=\"https:\/\/taniarubio.com\/wp-content\/uploads\/TLOW_11.jpg 960w, https:\/\/taniarubio.com\/wp-content\/uploads\/TLOW_11-300x200.jpg 300w, https:\/\/taniarubio.com\/wp-content\/uploads\/TLOW_11-768x512.jpg 768w, https:\/\/taniarubio.com\/wp-content\/uploads\/TLOW_11-18x12.jpg 18w\" sizes=\"(max-width: 800px) 100vw, 800px\" \/><\/figure><\/a><\/div><div class=\"dce-item dce-item_title elementor-repeater-item-3c10b94\"><h5 class=\"dce-post-title\"><a href=\"https:\/\/taniarubio.com\/en\/obras\/the-language-of-water\/\">The Language of Water<\/a><\/h5><\/div><div class=\"dce-item dce-item_custommeta elementor-repeater-item-57f9f94\"><div class=\"dce-post-custommeta dce-post-custommeta dce-post-custommeta dce-post-custommeta dce-post-custommeta dce-post-custommeta\"><div class=\"dce-meta-item dce-meta-57f9f94 dce-meta-text elementor-repeater-item-57f9f94\"><div>Ensemble for 13 musicians and electronics<\/div><\/div><\/div><\/div>\t\t\t<\/div>\n\t\t<\/article>\n\t\t\n\t\t<article class=\"post-6475 obras type-obras status-publish has-post-thumbnail hentry category-teatro-musical dce-post dce-post-item dce-item-grid\" data-dce-post-id=\"6475\" data-dce-post-index=\"6\" data-post-link=\"https:\/\/taniarubio.com\/en\/obras\/antropologia-de-la-memoria\/\">\n\t\t\t<div class=\"dce-post-block\">\n\t\t<div class=\"dce-item dce-item_image elementor-repeater-item-3320d70\"><a class=\"dce-post-image\" href=\"https:\/\/taniarubio.com\/en\/obras\/antropologia-de-la-memoria\/\"><figure data-image-ratio=\"1\" class=\"dce-img\"><img loading=\"lazy\" decoding=\"async\" width=\"768\" height=\"701\" src=\"https:\/\/taniarubio.com\/wp-content\/uploads\/Antropologia-de-la-Memoria_Rubio_2024-e1708993687937.jpg\" class=\"\" alt=\"Antropolog\u00eda de la Memoria\" srcset=\"https:\/\/taniarubio.com\/wp-content\/uploads\/Antropologia-de-la-Memoria_Rubio_2024-e1708993687937.jpg 768w, https:\/\/taniarubio.com\/wp-content\/uploads\/Antropologia-de-la-Memoria_Rubio_2024-e1708993687937-300x274.jpg 300w, https:\/\/taniarubio.com\/wp-content\/uploads\/Antropologia-de-la-Memoria_Rubio_2024-e1708993687937-13x12.jpg 13w\" sizes=\"(max-width: 768px) 100vw, 768px\" \/><\/figure><\/a><\/div><div class=\"dce-item dce-item_title elementor-repeater-item-3c10b94\"><h5 class=\"dce-post-title\"><a href=\"https:\/\/taniarubio.com\/en\/obras\/antropologia-de-la-memoria\/\">Antropolog\u00eda de la Memoria<\/a><\/h5><\/div><div class=\"dce-item dce-item_custommeta elementor-repeater-item-57f9f94\"><div class=\"dce-post-custommeta dce-post-custommeta dce-post-custommeta dce-post-custommeta dce-post-custommeta dce-post-custommeta dce-post-custommeta\"><div class=\"dce-meta-item dce-meta-57f9f94 dce-meta-text elementor-repeater-item-57f9f94\"><div>2 Flutes, 1 Performer and Electronics<\/div><\/div><\/div><\/div>\t\t\t<\/div>\n\t\t<\/article>\n\t\t\n\t\t<article class=\"post-6473 obras type-obras status-publish has-post-thumbnail hentry category-musica-acusmatica dce-post dce-post-item dce-item-grid\" data-dce-post-id=\"6473\" data-dce-post-index=\"7\" data-post-link=\"https:\/\/taniarubio.com\/en\/obras\/insect-city\/\">\n\t\t\t<div class=\"dce-post-block\">\n\t\t<div class=\"dce-item dce-item_image elementor-repeater-item-3320d70\"><a class=\"dce-post-image\" href=\"https:\/\/taniarubio.com\/en\/obras\/insect-city\/\"><figure data-image-ratio=\"1\" class=\"dce-img\"><img loading=\"lazy\" decoding=\"async\" width=\"800\" height=\"600\" src=\"https:\/\/taniarubio.com\/wp-content\/uploads\/Insectidae-1024x768.png\" class=\"\" alt=\"Insect City\" srcset=\"https:\/\/taniarubio.com\/wp-content\/uploads\/Insectidae-1024x768.png 1024w, https:\/\/taniarubio.com\/wp-content\/uploads\/Insectidae-300x225.png 300w, https:\/\/taniarubio.com\/wp-content\/uploads\/Insectidae-768x576.png 768w, https:\/\/taniarubio.com\/wp-content\/uploads\/Insectidae-1536x1152.png 1536w, https:\/\/taniarubio.com\/wp-content\/uploads\/Insectidae-2048x1536.png 2048w, https:\/\/taniarubio.com\/wp-content\/uploads\/Insectidae-16x12.png 16w\" sizes=\"(max-width: 800px) 100vw, 800px\" \/><\/figure><\/a><\/div><div class=\"dce-item dce-item_title elementor-repeater-item-3c10b94\"><h5 class=\"dce-post-title\"><a href=\"https:\/\/taniarubio.com\/en\/obras\/insect-city\/\">Insect City<\/a><\/h5><\/div><div class=\"dce-item dce-item_custommeta elementor-repeater-item-57f9f94\"><div class=\"dce-post-custommeta dce-post-custommeta dce-post-custommeta dce-post-custommeta dce-post-custommeta dce-post-custommeta dce-post-custommeta dce-post-custommeta\"><div class=\"dce-meta-item dce-meta-57f9f94 dce-meta-text elementor-repeater-item-57f9f94\"><div>Acousmatic Multichannel<\/div><\/div><\/div><\/div>\t\t\t<\/div>\n\t\t<\/article>\n\t\t\n\t\t<article class=\"post-6246 obras type-obras status-publish has-post-thumbnail hentry category-musica-de-camara category-teatro-musical dce-post dce-post-item dce-item-grid\" data-dce-post-id=\"6246\" data-dce-post-index=\"8\" data-post-link=\"https:\/\/taniarubio.com\/en\/obras\/grito-silente-del-mar\/\">\n\t\t\t<div class=\"dce-post-block\">\n\t\t<div class=\"dce-item dce-item_image elementor-repeater-item-3320d70\"><a class=\"dce-post-image\" href=\"https:\/\/taniarubio.com\/en\/obras\/grito-silente-del-mar\/\"><figure data-image-ratio=\"1\" class=\"dce-img\"><img loading=\"lazy\" decoding=\"async\" width=\"400\" height=\"562\" src=\"https:\/\/taniarubio.com\/wp-content\/uploads\/Grito-Silente-del-Mar_Tania-Rubio.png\" class=\"\" alt=\"Grito Silente del Mar\" srcset=\"https:\/\/taniarubio.com\/wp-content\/uploads\/Grito-Silente-del-Mar_Tania-Rubio.png 400w, https:\/\/taniarubio.com\/wp-content\/uploads\/Grito-Silente-del-Mar_Tania-Rubio-214x300.png 214w, https:\/\/taniarubio.com\/wp-content\/uploads\/Grito-Silente-del-Mar_Tania-Rubio-9x12.png 9w\" sizes=\"(max-width: 400px) 100vw, 400px\" \/><\/figure><\/a><\/div><div class=\"dce-item dce-item_title elementor-repeater-item-3c10b94\"><h5 class=\"dce-post-title\"><a href=\"https:\/\/taniarubio.com\/en\/obras\/grito-silente-del-mar\/\">Grito Silente del Mar<\/a><\/h5><\/div><div class=\"dce-item dce-item_custommeta elementor-repeater-item-57f9f94\"><div class=\"dce-post-custommeta dce-post-custommeta dce-post-custommeta dce-post-custommeta dce-post-custommeta dce-post-custommeta dce-post-custommeta dce-post-custommeta dce-post-custommeta\"><div class=\"dce-meta-item dce-meta-57f9f94 dce-meta-text elementor-repeater-item-57f9f94\"><div>Flutes, Objects and Electronics<\/div><\/div><\/div><\/div>\t\t\t<\/div>\n\t\t<\/article>\n\t\t\t\t\t<\/div>\n\t\t\t\t\t<\/div>\n\t\t<div class=\"dce-pagination dce-pagination-bottom\"><span class=\"progression\">1 \/ 7<\/span><span class=\"current\" aria-current=\"page\">1<\/span><a href=\"https:\/\/taniarubio.com\/en\/wp-json\/wp\/v2\/pages\/2812\/page\/2\/\" class=\"inactive\">2<\/a><a href=\"https:\/\/taniarubio.com\/en\/wp-json\/wp\/v2\/pages\/2812\/page\/3\/\" class=\"inactive\">3<\/a><a href=\"https:\/\/taniarubio.com\/en\/wp-json\/wp\/v2\/pages\/2812\/page\/4\/\" class=\"inactive\">4<\/a><a href=\"https:\/\/taniarubio.com\/en\/wp-json\/wp\/v2\/pages\/2812\/page\/5\/\" class=\"inactive\">5<\/a><a href=\"https:\/\/taniarubio.com\/en\/wp-json\/wp\/v2\/pages\/2812\/page\/6\/\" class=\"inactive\">6<\/a><a href=\"https:\/\/taniarubio.com\/en\/wp-json\/wp\/v2\/pages\/2812\/page\/7\/\" class=\"inactive\">7<\/a><\/div>\t\t\t\t<\/div>\n\t\t\t\t<\/div>\n\t\t\t\t\t<\/div>\n\t\t<\/div>\n\t\t\t\t\t<\/div>\n\t\t<\/section>\n\t\t\t\t<\/div>","protected":false},"excerpt":{"rendered":"<p>Inicio &gt; Grito Silente del Mar Flutes, Objects and Electronics Anderwelten 3 Performers on bicycles with objects and speakers Klangwelten 4 Channel Electronics Umwelt Clarinet, Objects, Multichannel Electronics and Video Acoustic Fields For two performers Heterotop\u00edas Music Theater, D\u00fao for Clarinet, Percussion, Objects theater, Video and Multichannel electronics Yolcatl D\u00fao for PreColumbian wind instruments, small [&hellip;]<\/p>\n","protected":false},"author":1,"featured_media":0,"parent":0,"menu_order":3,"comment_status":"closed","ping_status":"closed","template":"elementor_header_footer","meta":{"_acf_changed":false,"footnotes":""},"class_list":["post-2812","page","type-page","status-publish","hentry"],"acf":[],"_links":{"self":[{"href":"https:\/\/taniarubio.com\/en\/wp-json\/wp\/v2\/pages\/2812","targetHints":{"allow":["GET"]}}],"collection":[{"href":"https:\/\/taniarubio.com\/en\/wp-json\/wp\/v2\/pages"}],"about":[{"href":"https:\/\/taniarubio.com\/en\/wp-json\/wp\/v2\/types\/page"}],"author":[{"embeddable":true,"href":"https:\/\/taniarubio.com\/en\/wp-json\/wp\/v2\/users\/1"}],"replies":[{"embeddable":true,"href":"https:\/\/taniarubio.com\/en\/wp-json\/wp\/v2\/comments?post=2812"}],"version-history":[{"count":85,"href":"https:\/\/taniarubio.com\/en\/wp-json\/wp\/v2\/pages\/2812\/revisions"}],"predecessor-version":[{"id":6306,"href":"https:\/\/taniarubio.com\/en\/wp-json\/wp\/v2\/pages\/2812\/revisions\/6306"}],"wp:attachment":[{"href":"https:\/\/taniarubio.com\/en\/wp-json\/wp\/v2\/media?parent=2812"}],"curies":[{"name":"wp","href":"https:\/\/api.w.org\/{rel}","templated":true}]}}