{"id":2871,"date":"2020-08-27T17:31:52","date_gmt":"2020-08-27T17:31:52","guid":{"rendered":"https:\/\/taniarubio.com\/?page_id=2871"},"modified":"2023-09-11T17:13:50","modified_gmt":"2023-09-11T17:13:50","slug":"invest","status":"publish","type":"page","link":"https:\/\/taniarubio.com\/en\/invest\/","title":{"rendered":"Research"},"content":{"rendered":"\t\t<div data-elementor-type=\"wp-page\" data-elementor-id=\"2871\" class=\"elementor elementor-2871\" data-elementor-post-type=\"page\">\n\t\t\t\t\t\t<section data-dce-background-overlay-color=\"#000000\" class=\"elementor-section elementor-top-section elementor-element elementor-element-0aed4c7 elementor-section-boxed elementor-section-height-default elementor-section-height-default\" data-id=\"0aed4c7\" data-element_type=\"section\" data-settings=\"{&quot;background_background&quot;:&quot;video&quot;,&quot;background_video_link&quot;:&quot;\\\/wp-content\\\/uploads\\\/Main-Comp-2.mp4&quot;}\">\n\t\t\t\t\t\t\t\t<div class=\"elementor-background-video-container elementor-hidden-mobile\">\n\t\t\t\t\t\t\t\t\t\t\t\t\t<video class=\"elementor-background-video-hosted\" autoplay muted playsinline loop><\/video>\n\t\t\t\t\t\t\t\t\t\t\t<\/div>\n\t\t\t\t\t\t\t\t\t<div class=\"elementor-background-overlay\"><\/div>\n\t\t\t\t\t\t\t<div class=\"elementor-container elementor-column-gap-default\">\n\t\t\t\t\t<div class=\"elementor-column elementor-col-100 elementor-top-column elementor-element elementor-element-ec696fc\" data-id=\"ec696fc\" data-element_type=\"column\">\n\t\t\t<div class=\"elementor-widget-wrap elementor-element-populated\">\n\t\t\t\t\t\t<div class=\"elementor-element elementor-element-e25e4a0 elementor-widget elementor-widget-heading\" data-id=\"e25e4a0\" data-element_type=\"widget\" data-widget_type=\"heading.default\">\n\t\t\t\t<div class=\"elementor-widget-container\">\n\t\t\t\t\t<h2 class=\"elementor-heading-title elementor-size-default\">Investigaci\u00f3n<\/h2>\t\t\t\t<\/div>\n\t\t\t\t<\/div>\n\t\t\t\t<div class=\"elementor-element elementor-element-6f3222c elementor-widget elementor-widget-dce-breadcrumbs\" data-id=\"6f3222c\" data-element_type=\"widget\" data-widget_type=\"dce-breadcrumbs.default\">\n\t\t\t\t<div class=\"elementor-widget-container\">\n\t\t\t\t\t<ul><li class=\"item-home\"><a class=\"bread-link bread-home\" href=\"https:\/\/taniarubio.com\/en\" title=\"Inicio\">Inicio<\/a><\/li><li class=\"separator separator-home\"> <span class=\"dce-separator\"> &gt; <\/span> <\/li><\/ul>\t\t\t\t<\/div>\n\t\t\t\t<\/div>\n\t\t\t\t\t<\/div>\n\t\t<\/div>\n\t\t\t\t\t<\/div>\n\t\t<\/section>\n\t\t\t\t<section class=\"elementor-section elementor-top-section elementor-element elementor-element-524c09f elementor-section-boxed elementor-section-height-default elementor-section-height-default\" data-id=\"524c09f\" data-element_type=\"section\">\n\t\t\t\t\t\t<div class=\"elementor-container elementor-column-gap-default\">\n\t\t\t\t\t<div class=\"elementor-column elementor-col-100 elementor-top-column elementor-element elementor-element-4558332\" data-id=\"4558332\" data-element_type=\"column\">\n\t\t\t<div class=\"elementor-widget-wrap elementor-element-populated\">\n\t\t\t\t\t\t<div class=\"elementor-element elementor-element-95ef80a dce-col-3 dce-posts-layout-default dce-col-tablet-3 dce-col-mobile-1 dce-align-left elementor-widget elementor-widget-dce-dynamicposts-v2\" data-id=\"95ef80a\" data-element_type=\"widget\" data-settings=\"{&quot;templatemode_linkable&quot;:&quot;yes&quot;,&quot;grid_match_height&quot;:&quot;yes&quot;,&quot;style_items&quot;:&quot;default&quot;,&quot;grid_grid_type&quot;:&quot;flex&quot;}\" data-widget_type=\"dce-dynamicposts-v2.grid\">\n\t\t\t\t<div class=\"elementor-widget-container\">\n\t\t\t\t\t\n\t\t<div class=\"dce-fix-background-loop dce-posts-container dce-posts dce-dynamic-posts-collection  dce-skin-grid dce-skin-grid-flex\">\n\t\t\t\t\t\t<div class=\"dce-posts-wrapper dce-wrapper-grid\">\n\t\t\t\n\t\t<article class=\"post-6866 investigacion type-investigacion status-publish has-post-thumbnail hentry category-investigaciones category-publicaciones dce-post dce-post-item dce-item-grid\" data-dce-post-id=\"6866\" data-dce-post-index=\"0\" data-post-link=\"https:\/\/taniarubio.com\/en\/investigacion\/biomusic-exploring-art-science-intersections-from-ecological-listening-perspectives-as-new-strategies-for-music-composition\/\">\n\t\t\t<div class=\"dce-post-block\">\n\t\t<div class=\"dce-item dce-item_image elementor-repeater-item-3320d70\"><a class=\"dce-post-image\" href=\"https:\/\/taniarubio.com\/en\/investigacion\/biomusic-exploring-art-science-intersections-from-ecological-listening-perspectives-as-new-strategies-for-music-composition\/\"><figure data-image-ratio=\"1\" class=\"dce-img\"><img fetchpriority=\"high\" decoding=\"async\" width=\"673\" height=\"1024\" src=\"https:\/\/taniarubio.com\/wp-content\/uploads\/Klima-Klang-Transformation-arrastrado-673x1024.jpg\" class=\"\" alt=\"Biomusic: Exploring art-science intersections from ecological listening perspectives as new strategies for music composition\" srcset=\"https:\/\/taniarubio.com\/wp-content\/uploads\/Klima-Klang-Transformation-arrastrado-673x1024.jpg 673w, https:\/\/taniarubio.com\/wp-content\/uploads\/Klima-Klang-Transformation-arrastrado-197x300.jpg 197w, https:\/\/taniarubio.com\/wp-content\/uploads\/Klima-Klang-Transformation-arrastrado-768x1168.jpg 768w, https:\/\/taniarubio.com\/wp-content\/uploads\/Klima-Klang-Transformation-arrastrado-1010x1536.jpg 1010w, https:\/\/taniarubio.com\/wp-content\/uploads\/Klima-Klang-Transformation-arrastrado-1347x2048.jpg 1347w, https:\/\/taniarubio.com\/wp-content\/uploads\/Klima-Klang-Transformation-arrastrado-8x12.jpg 8w, https:\/\/taniarubio.com\/wp-content\/uploads\/Klima-Klang-Transformation-arrastrado-scaled.jpg 1684w\" sizes=\"(max-width: 673px) 100vw, 673px\" \/><\/figure><\/a><\/div><div class=\"dce-item dce-item_title elementor-repeater-item-3c10b94\"><p class=\"dce-post-title\"><a href=\"https:\/\/taniarubio.com\/en\/investigacion\/biomusic-exploring-art-science-intersections-from-ecological-listening-perspectives-as-new-strategies-for-music-composition\/\">Biomusic: Exploring art-science intersections from ecological listening perspectives as new strategies for music composition<\/a><\/p><\/div><div class=\"dce-item dce-item_custommeta elementor-repeater-item-57f9f94\"><\/div>\t\t\t<\/div>\n\t\t<\/article>\n\t\t\n\t\t<article class=\"post-6839 investigacion type-investigacion status-publish has-post-thumbnail hentry category-investigaciones category-publicaciones dce-post dce-post-item dce-item-grid\" data-dce-post-id=\"6839\" data-dce-post-index=\"1\" data-post-link=\"https:\/\/taniarubio.com\/en\/investigacion\/productions-of-nature-in-tania-rubios-sound-worlds\/\">\n\t\t\t<div class=\"dce-post-block\">\n\t\t<div class=\"dce-item dce-item_image elementor-repeater-item-3320d70\"><a class=\"dce-post-image\" href=\"https:\/\/taniarubio.com\/en\/investigacion\/productions-of-nature-in-tania-rubios-sound-worlds\/\"><figure data-image-ratio=\"1\" class=\"dce-img\"><img decoding=\"async\" width=\"300\" height=\"465\" src=\"https:\/\/taniarubio.com\/wp-content\/uploads\/9783837670660.jpg\" class=\"\" alt=\"Productions of Nature in Tania Rubio&#8217;s Sound Worlds.\" srcset=\"https:\/\/taniarubio.com\/wp-content\/uploads\/9783837670660.jpg 300w, https:\/\/taniarubio.com\/wp-content\/uploads\/9783837670660-194x300.jpg 194w, https:\/\/taniarubio.com\/wp-content\/uploads\/9783837670660-8x12.jpg 8w\" sizes=\"(max-width: 300px) 100vw, 300px\" \/><\/figure><\/a><\/div><div class=\"dce-item dce-item_title elementor-repeater-item-3c10b94\"><p class=\"dce-post-title\"><a href=\"https:\/\/taniarubio.com\/en\/investigacion\/productions-of-nature-in-tania-rubios-sound-worlds\/\">Productions of Nature in Tania Rubio&#8217;s Sound Worlds.<\/a><\/p><\/div><div class=\"dce-item dce-item_custommeta elementor-repeater-item-57f9f94\"><\/div>\t\t\t<\/div>\n\t\t<\/article>\n\t\t\n\t\t<article class=\"post-5992 investigacion type-investigacion status-publish has-post-thumbnail hentry category-investigaciones category-publicaciones dce-post dce-post-item dce-item-grid\" data-dce-post-id=\"5992\" data-dce-post-index=\"2\" data-post-link=\"https:\/\/taniarubio.com\/en\/investigacion\/the-practice-of-immersive-listening-experiences-in-acoustic-natural-spaces-acoustic-ecology-lab-a-case-study\/\">\n\t\t\t<div class=\"dce-post-block\">\n\t\t<div class=\"dce-item dce-item_image elementor-repeater-item-3320d70\"><a class=\"dce-post-image\" href=\"https:\/\/taniarubio.com\/en\/investigacion\/the-practice-of-immersive-listening-experiences-in-acoustic-natural-spaces-acoustic-ecology-lab-a-case-study\/\"><figure data-image-ratio=\"1\" class=\"dce-img\"><img decoding=\"async\" width=\"747\" height=\"1024\" src=\"https:\/\/taniarubio.com\/wp-content\/uploads\/Ars-Electronica-747x1024.jpg\" class=\"\" alt=\"The practice of immersive listening experiences in acoustic natural spaces. Acoustic Ecology Lab: a case study\" srcset=\"https:\/\/taniarubio.com\/wp-content\/uploads\/Ars-Electronica-747x1024.jpg 747w, https:\/\/taniarubio.com\/wp-content\/uploads\/Ars-Electronica-219x300.jpg 219w, https:\/\/taniarubio.com\/wp-content\/uploads\/Ars-Electronica-768x1053.jpg 768w, https:\/\/taniarubio.com\/wp-content\/uploads\/Ars-Electronica-1120x1536.jpg 1120w, https:\/\/taniarubio.com\/wp-content\/uploads\/Ars-Electronica-1493x2048.jpg 1493w, https:\/\/taniarubio.com\/wp-content\/uploads\/Ars-Electronica-9x12.jpg 9w, https:\/\/taniarubio.com\/wp-content\/uploads\/Ars-Electronica-scaled.jpg 1866w\" sizes=\"(max-width: 747px) 100vw, 747px\" \/><\/figure><\/a><\/div><div class=\"dce-item dce-item_title elementor-repeater-item-3c10b94\"><p class=\"dce-post-title\"><a href=\"https:\/\/taniarubio.com\/en\/investigacion\/the-practice-of-immersive-listening-experiences-in-acoustic-natural-spaces-acoustic-ecology-lab-a-case-study\/\">The practice of immersive listening experiences in acoustic natural spaces. Acoustic Ecology Lab: a case study<\/a><\/p><\/div><div class=\"dce-item dce-item_custommeta elementor-repeater-item-57f9f94\"><\/div>\t\t\t<\/div>\n\t\t<\/article>\n\t\t\n\t\t<article class=\"post-5990 investigacion type-investigacion status-publish has-post-thumbnail hentry category-investigaciones category-publicaciones dce-post dce-post-item dce-item-grid\" data-dce-post-id=\"5990\" data-dce-post-index=\"3\" data-post-link=\"https:\/\/taniarubio.com\/en\/investigacion\/perspectivas-transdisciplinares-del-paisaje-sonoro-y-la-escucha\/\">\n\t\t\t<div class=\"dce-post-block\">\n\t\t<div class=\"dce-item dce-item_image elementor-repeater-item-3320d70\"><a class=\"dce-post-image\" href=\"https:\/\/taniarubio.com\/en\/investigacion\/perspectivas-transdisciplinares-del-paisaje-sonoro-y-la-escucha\/\"><figure data-image-ratio=\"1\" class=\"dce-img\"><img loading=\"lazy\" decoding=\"async\" width=\"768\" height=\"1024\" src=\"https:\/\/taniarubio.com\/wp-content\/uploads\/AURAL-768x1024.jpg\" class=\"\" alt=\"Perspectivas Transdisciplinares del Paisaje Sonoro y la Escucha\" srcset=\"https:\/\/taniarubio.com\/wp-content\/uploads\/AURAL-768x1024.jpg 768w, https:\/\/taniarubio.com\/wp-content\/uploads\/AURAL-225x300.jpg 225w, https:\/\/taniarubio.com\/wp-content\/uploads\/AURAL-1152x1536.jpg 1152w, https:\/\/taniarubio.com\/wp-content\/uploads\/AURAL-1536x2048.jpg 1536w, https:\/\/taniarubio.com\/wp-content\/uploads\/AURAL-9x12.jpg 9w, https:\/\/taniarubio.com\/wp-content\/uploads\/AURAL-scaled.jpg 1920w\" sizes=\"(max-width: 768px) 100vw, 768px\" \/><\/figure><\/a><\/div><div class=\"dce-item dce-item_title elementor-repeater-item-3c10b94\"><p class=\"dce-post-title\"><a href=\"https:\/\/taniarubio.com\/en\/investigacion\/perspectivas-transdisciplinares-del-paisaje-sonoro-y-la-escucha\/\">Perspectivas Transdisciplinares del Paisaje Sonoro y la Escucha<\/a><\/p><\/div><div class=\"dce-item dce-item_custommeta elementor-repeater-item-57f9f94\"><\/div>\t\t\t<\/div>\n\t\t<\/article>\n\t\t\n\t\t<article class=\"post-5280 investigacion type-investigacion status-publish has-post-thumbnail hentry category-curso dce-post dce-post-item dce-item-grid\" data-dce-post-id=\"5280\" data-dce-post-index=\"4\" data-post-link=\"https:\/\/taniarubio.com\/en\/investigacion\/residencia-laboratorio-de-investigacion-creacion-ecologia-acustica-composicion-e-interpretacion-musical\/\">\n\t\t\t<div class=\"dce-post-block\">\n\t\t<div class=\"dce-item dce-item_image elementor-repeater-item-3320d70\"><a class=\"dce-post-image\" href=\"https:\/\/taniarubio.com\/en\/investigacion\/residencia-laboratorio-de-investigacion-creacion-ecologia-acustica-composicion-e-interpretacion-musical\/\"><figure data-image-ratio=\"1\" class=\"dce-img\"><img loading=\"lazy\" decoding=\"async\" width=\"800\" height=\"800\" src=\"https:\/\/taniarubio.com\/wp-content\/uploads\/1080x1080-Residencia-laborat-Ecologi\u0301a-acu\u0301stic-1-1024x1024.jpg\" class=\"\" alt=\"Residencia- Laboratorio de investigaci\u00f3n-creaci\u00f3n: Ecolog\u00eda ac\u00fastica, Composici\u00f3n e Interpretaci\u00f3n musical\" srcset=\"https:\/\/taniarubio.com\/wp-content\/uploads\/1080x1080-Residencia-laborat-Ecologi\u0301a-acu\u0301stic-1-1024x1024.jpg 1024w, https:\/\/taniarubio.com\/wp-content\/uploads\/1080x1080-Residencia-laborat-Ecologi\u0301a-acu\u0301stic-1-300x300.jpg 300w, https:\/\/taniarubio.com\/wp-content\/uploads\/1080x1080-Residencia-laborat-Ecologi\u0301a-acu\u0301stic-1-148x148.jpg 148w, https:\/\/taniarubio.com\/wp-content\/uploads\/1080x1080-Residencia-laborat-Ecologi\u0301a-acu\u0301stic-1-768x768.jpg 768w, https:\/\/taniarubio.com\/wp-content\/uploads\/1080x1080-Residencia-laborat-Ecologi\u0301a-acu\u0301stic-1.jpg 1080w\" sizes=\"(max-width: 800px) 100vw, 800px\" \/><\/figure><\/a><\/div><div class=\"dce-item dce-item_title elementor-repeater-item-3c10b94\"><p class=\"dce-post-title\"><a href=\"https:\/\/taniarubio.com\/en\/investigacion\/residencia-laboratorio-de-investigacion-creacion-ecologia-acustica-composicion-e-interpretacion-musical\/\">Residencia- Laboratorio de investigaci\u00f3n-creaci\u00f3n: Ecolog\u00eda ac\u00fastica, Composici\u00f3n e Interpretaci\u00f3n musical<\/a><\/p><\/div><div class=\"dce-item dce-item_custommeta elementor-repeater-item-57f9f94\"><\/div>\t\t\t<\/div>\n\t\t<\/article>\n\t\t\n\t\t<article class=\"post-3698 investigacion type-investigacion status-publish has-post-thumbnail hentry category-publicaciones dce-post dce-post-item dce-item-grid\" data-dce-post-id=\"3698\" data-dce-post-index=\"5\" data-post-link=\"https:\/\/taniarubio.com\/en\/investigacion\/biomusica-estudio-interdisciplinario-del-paisaje-sonoro-para-la-creacion-de-musica-nueva\/\">\n\t\t\t<div class=\"dce-post-block\">\n\t\t<div class=\"dce-item dce-item_image elementor-repeater-item-3320d70\"><a class=\"dce-post-image\" href=\"https:\/\/taniarubio.com\/en\/investigacion\/biomusica-estudio-interdisciplinario-del-paisaje-sonoro-para-la-creacion-de-musica-nueva\/\"><figure data-image-ratio=\"1\" class=\"dce-img\"><img loading=\"lazy\" decoding=\"async\" width=\"724\" height=\"1024\" src=\"https:\/\/taniarubio.com\/wp-content\/uploads\/cuadernos_3_2020_-_completo--724x1024.jpg\" class=\"\" alt=\"Biom\u00fasica: Estudio Interdisciplinario del Paisaje Sonoro para la Creaci\u00f3n de M\u00fasica Nueva\" srcset=\"https:\/\/taniarubio.com\/wp-content\/uploads\/cuadernos_3_2020_-_completo--724x1024.jpg 724w, https:\/\/taniarubio.com\/wp-content\/uploads\/cuadernos_3_2020_-_completo--212x300.jpg 212w, https:\/\/taniarubio.com\/wp-content\/uploads\/cuadernos_3_2020_-_completo--768x1086.jpg 768w, https:\/\/taniarubio.com\/wp-content\/uploads\/cuadernos_3_2020_-_completo--1086x1536.jpg 1086w, https:\/\/taniarubio.com\/wp-content\/uploads\/cuadernos_3_2020_-_completo--1448x2048.jpg 1448w, https:\/\/taniarubio.com\/wp-content\/uploads\/cuadernos_3_2020_-_completo-.jpg 1654w\" sizes=\"(max-width: 724px) 100vw, 724px\" \/><\/figure><\/a><\/div><div class=\"dce-item dce-item_title elementor-repeater-item-3c10b94\"><p class=\"dce-post-title\"><a href=\"https:\/\/taniarubio.com\/en\/investigacion\/biomusica-estudio-interdisciplinario-del-paisaje-sonoro-para-la-creacion-de-musica-nueva\/\">Biom\u00fasica: Estudio Interdisciplinario del Paisaje Sonoro para la Creaci\u00f3n de M\u00fasica Nueva<\/a><\/p><\/div><div class=\"dce-item dce-item_custommeta elementor-repeater-item-57f9f94\"><\/div>\t\t\t<\/div>\n\t\t<\/article>\n\t\t\n\t\t<article class=\"post-3696 investigacion type-investigacion status-publish has-post-thumbnail hentry category-conferencia dce-post dce-post-item dce-item-grid\" data-dce-post-id=\"3696\" data-dce-post-index=\"6\" data-post-link=\"https:\/\/taniarubio.com\/en\/investigacion\/childrens-orchestra-of-indigenous-instruments-of-america\/\">\n\t\t\t<div class=\"dce-post-block\">\n\t\t<div class=\"dce-item dce-item_image elementor-repeater-item-3320d70\"><a class=\"dce-post-image\" href=\"https:\/\/taniarubio.com\/en\/investigacion\/childrens-orchestra-of-indigenous-instruments-of-america\/\"><figure data-image-ratio=\"1\" class=\"dce-img\"><img loading=\"lazy\" decoding=\"async\" width=\"800\" height=\"518\" src=\"https:\/\/taniarubio.com\/wp-content\/uploads\/2019\/11\/arna-2019-flyer-a-1080w-1024x663.png\" class=\"\" alt=\"Children\u2019s Orchestra of Indigenous Instruments of America[:en]Children\u2019s Orchestra of Indigenous Instruments of America\" srcset=\"https:\/\/taniarubio.com\/wp-content\/uploads\/2019\/11\/arna-2019-flyer-a-1080w-1024x663.png 1024w, https:\/\/taniarubio.com\/wp-content\/uploads\/2019\/11\/arna-2019-flyer-a-1080w-300x194.png 300w, https:\/\/taniarubio.com\/wp-content\/uploads\/2019\/11\/arna-2019-flyer-a-1080w-768x497.png 768w, https:\/\/taniarubio.com\/wp-content\/uploads\/2019\/11\/arna-2019-flyer-a-1080w-100x65.png 100w, https:\/\/taniarubio.com\/wp-content\/uploads\/2019\/11\/arna-2019-flyer-a-1080w-862x558.png 862w, https:\/\/taniarubio.com\/wp-content\/uploads\/2019\/11\/arna-2019-flyer-a-1080w.png 1080w\" sizes=\"(max-width: 800px) 100vw, 800px\" \/><\/figure><\/a><\/div><div class=\"dce-item dce-item_title elementor-repeater-item-3c10b94\"><p class=\"dce-post-title\"><a href=\"https:\/\/taniarubio.com\/en\/investigacion\/childrens-orchestra-of-indigenous-instruments-of-america\/\">Children\u2019s Orchestra of Indigenous Instruments of America[:en]Children\u2019s Orchestra of Indigenous Instruments of America<\/a><\/p><\/div><div class=\"dce-item dce-item_custommeta elementor-repeater-item-57f9f94\"><\/div>\t\t\t<\/div>\n\t\t<\/article>\n\t\t\n\t\t<article class=\"post-3695 investigacion type-investigacion status-publish has-post-thumbnail hentry category-conferencia dce-post dce-post-item dce-item-grid\" data-dce-post-id=\"3695\" data-dce-post-index=\"7\" data-post-link=\"https:\/\/taniarubio.com\/en\/investigacion\/estudios-de-bioacustica-como-una-herramienta-para-la-composicion-con-medios-electronicos\/\">\n\t\t\t<div class=\"dce-post-block\">\n\t\t<div class=\"dce-item dce-item_image elementor-repeater-item-3320d70\"><a class=\"dce-post-image\" href=\"https:\/\/taniarubio.com\/en\/investigacion\/estudios-de-bioacustica-como-una-herramienta-para-la-composicion-con-medios-electronicos\/\"><figure data-image-ratio=\"1\" class=\"dce-img\"><img loading=\"lazy\" decoding=\"async\" width=\"730\" height=\"486\" src=\"https:\/\/taniarubio.com\/wp-content\/uploads\/2019\/11\/web_ems_730.png\" class=\"\" alt=\"Estudios de bioac\u00fastica como una herramienta para la composici\u00f3n con medios electr\u00f3nicos\" srcset=\"https:\/\/taniarubio.com\/wp-content\/uploads\/2019\/11\/web_ems_730.png 730w, https:\/\/taniarubio.com\/wp-content\/uploads\/2019\/11\/web_ems_730-300x200.png 300w, https:\/\/taniarubio.com\/wp-content\/uploads\/2019\/11\/web_ems_730-100x67.png 100w\" sizes=\"(max-width: 730px) 100vw, 730px\" \/><\/figure><\/a><\/div><div class=\"dce-item dce-item_title elementor-repeater-item-3c10b94\"><p class=\"dce-post-title\"><a href=\"https:\/\/taniarubio.com\/en\/investigacion\/estudios-de-bioacustica-como-una-herramienta-para-la-composicion-con-medios-electronicos\/\">Estudios de bioac\u00fastica como una herramienta para la composici\u00f3n con medios electr\u00f3nicos<\/a><\/p><\/div><div class=\"dce-item dce-item_custommeta elementor-repeater-item-57f9f94\"><\/div>\t\t\t<\/div>\n\t\t<\/article>\n\t\t\n\t\t<article class=\"post-3694 investigacion type-investigacion status-publish has-post-thumbnail hentry category-conferencia dce-post dce-post-item dce-item-grid\" data-dce-post-id=\"3694\" data-dce-post-index=\"8\" data-post-link=\"https:\/\/taniarubio.com\/en\/investigacion\/viejas-y-nuevas-tecnologias-un-recorrido-historico-biologico-y-cultural-para-la-creacion-de-musica-nueva\/\">\n\t\t\t<div class=\"dce-post-block\">\n\t\t<div class=\"dce-item dce-item_image elementor-repeater-item-3320d70\"><a class=\"dce-post-image\" href=\"https:\/\/taniarubio.com\/en\/investigacion\/viejas-y-nuevas-tecnologias-un-recorrido-historico-biologico-y-cultural-para-la-creacion-de-musica-nueva\/\"><figure data-image-ratio=\"1\" class=\"dce-img\"><img loading=\"lazy\" decoding=\"async\" width=\"800\" height=\"600\" src=\"https:\/\/taniarubio.com\/wp-content\/uploads\/Vasija-Silbadora-tuca\u0301n-1024x768.jpg\" class=\"\" alt=\"Viejas y Nuevas Tecnolog\u00edas. Un recorrido hist\u00f3rico, biol\u00f3gico y cultural para la creaci\u00f3n de m\u00fasica nueva\" srcset=\"https:\/\/taniarubio.com\/wp-content\/uploads\/Vasija-Silbadora-tuca\u0301n-1024x768.jpg 1024w, https:\/\/taniarubio.com\/wp-content\/uploads\/Vasija-Silbadora-tuca\u0301n-300x225.jpg 300w, https:\/\/taniarubio.com\/wp-content\/uploads\/Vasija-Silbadora-tuca\u0301n-768x576.jpg 768w, https:\/\/taniarubio.com\/wp-content\/uploads\/Vasija-Silbadora-tuca\u0301n.jpg 1500w\" sizes=\"(max-width: 800px) 100vw, 800px\" \/><\/figure><\/a><\/div><div class=\"dce-item dce-item_title elementor-repeater-item-3c10b94\"><p class=\"dce-post-title\"><a href=\"https:\/\/taniarubio.com\/en\/investigacion\/viejas-y-nuevas-tecnologias-un-recorrido-historico-biologico-y-cultural-para-la-creacion-de-musica-nueva\/\">Viejas y Nuevas Tecnolog\u00edas. Un recorrido hist\u00f3rico, biol\u00f3gico y cultural para la creaci\u00f3n de m\u00fasica nueva<\/a><\/p><\/div><div class=\"dce-item dce-item_custommeta elementor-repeater-item-57f9f94\"><\/div>\t\t\t<\/div>\n\t\t<\/article>\n\t\t\t\t\t<\/div>\n\t\t\t\t\t<\/div>\n\t\t<div class=\"dce-pagination dce-pagination-bottom\"><span class=\"progression\">1 \/ 3<\/span><span class=\"current\" aria-current=\"page\">1<\/span><a href=\"https:\/\/taniarubio.com\/en\/wp-json\/wp\/v2\/pages\/2871\/page\/2\/\" class=\"inactive\">2<\/a><a href=\"https:\/\/taniarubio.com\/en\/wp-json\/wp\/v2\/pages\/2871\/page\/3\/\" class=\"inactive\">3<\/a><\/div>\t\t\t\t<\/div>\n\t\t\t\t<\/div>\n\t\t\t\t\t<\/div>\n\t\t<\/div>\n\t\t\t\t\t<\/div>\n\t\t<\/section>\n\t\t\t\t<\/div>\n\t\t","protected":false},"excerpt":{"rendered":"<p>Inicio &gt; The practice of immersive listening experiences in acoustic natural spaces. Acoustic Ecology Lab: a case study Perspectivas Transdisciplinares del Paisaje Sonoro y la Escucha Residencia- Laboratorio de investigaci\u00f3n-creaci\u00f3n: Ecolog\u00eda ac\u00fastica, Composici\u00f3n e Interpretaci\u00f3n musical Biom\u00fasica: Estudio Interdisciplinario del Paisaje Sonoro para la Creaci\u00f3n de M\u00fasica Nueva Children\u2019s Orchestra of Indigenous Instruments of America[:en]Children\u2019s [&hellip;]<\/p>\n","protected":false},"author":1,"featured_media":0,"parent":0,"menu_order":4,"comment_status":"closed","ping_status":"closed","template":"elementor_header_footer","meta":{"_acf_changed":false,"footnotes":""},"class_list":["post-2871","page","type-page","status-publish","hentry"],"acf":[],"_links":{"self":[{"href":"https:\/\/taniarubio.com\/en\/wp-json\/wp\/v2\/pages\/2871","targetHints":{"allow":["GET"]}}],"collection":[{"href":"https:\/\/taniarubio.com\/en\/wp-json\/wp\/v2\/pages"}],"about":[{"href":"https:\/\/taniarubio.com\/en\/wp-json\/wp\/v2\/types\/page"}],"author":[{"embeddable":true,"href":"https:\/\/taniarubio.com\/en\/wp-json\/wp\/v2\/users\/1"}],"replies":[{"embeddable":true,"href":"https:\/\/taniarubio.com\/en\/wp-json\/wp\/v2\/comments?post=2871"}],"version-history":[{"count":46,"href":"https:\/\/taniarubio.com\/en\/wp-json\/wp\/v2\/pages\/2871\/revisions"}],"predecessor-version":[{"id":6361,"href":"https:\/\/taniarubio.com\/en\/wp-json\/wp\/v2\/pages\/2871\/revisions\/6361"}],"wp:attachment":[{"href":"https:\/\/taniarubio.com\/en\/wp-json\/wp\/v2\/media?parent=2871"}],"curies":[{"name":"wp","href":"https:\/\/api.w.org\/{rel}","templated":true}]}}