{"id":2897,"date":"2020-09-10T18:03:56","date_gmt":"2020-09-10T18:03:56","guid":{"rendered":"https:\/\/taniarubio.com\/?page_id=2897"},"modified":"2023-09-11T17:14:49","modified_gmt":"2023-09-11T17:14:49","slug":"prensa","status":"publish","type":"page","link":"https:\/\/taniarubio.com\/en\/prensa\/","title":{"rendered":"Press"},"content":{"rendered":"<div data-elementor-type=\"wp-page\" data-elementor-id=\"2897\" class=\"elementor elementor-2897\" data-elementor-post-type=\"page\">\n\t\t\t\t\t\t<section data-dce-background-overlay-color=\"#000000\" class=\"elementor-section elementor-top-section elementor-element elementor-element-7cf2fcb elementor-section-boxed elementor-section-height-default elementor-section-height-default\" data-id=\"7cf2fcb\" data-element_type=\"section\" data-settings=\"{&quot;background_background&quot;:&quot;video&quot;,&quot;background_video_link&quot;:&quot;\\\/wp-content\\\/uploads\\\/Main-Comp-2.mp4&quot;}\">\n\t\t\t\t\t\t\t\t<div class=\"elementor-background-video-container elementor-hidden-mobile\">\n\t\t\t\t\t\t\t\t\t\t\t\t\t<video class=\"elementor-background-video-hosted\" autoplay muted playsinline loop><\/video>\n\t\t\t\t\t\t\t\t\t\t\t<\/div>\n\t\t\t\t\t\t\t\t\t<div class=\"elementor-background-overlay\"><\/div>\n\t\t\t\t\t\t\t<div class=\"elementor-container elementor-column-gap-default\">\n\t\t\t\t\t<div class=\"elementor-column elementor-col-100 elementor-top-column elementor-element elementor-element-6e486d6\" data-id=\"6e486d6\" data-element_type=\"column\">\n\t\t\t<div class=\"elementor-widget-wrap elementor-element-populated\">\n\t\t\t\t\t\t<div class=\"elementor-element elementor-element-0077702 elementor-widget elementor-widget-heading\" data-id=\"0077702\" data-element_type=\"widget\" data-widget_type=\"heading.default\">\n\t\t\t\t<div class=\"elementor-widget-container\">\n\t\t\t\t\t<h2 class=\"elementor-heading-title elementor-size-default\">Press<\/h2>\t\t\t\t<\/div>\n\t\t\t\t<\/div>\n\t\t\t\t<div class=\"elementor-element elementor-element-92d21ff elementor-widget elementor-widget-dce-breadcrumbs\" data-id=\"92d21ff\" data-element_type=\"widget\" data-widget_type=\"dce-breadcrumbs.default\">\n\t\t\t\t<div class=\"elementor-widget-container\">\n\t\t\t\t\t<ul><li class=\"item-home\"><a class=\"bread-link bread-home\" href=\"https:\/\/taniarubio.com\/en\" title=\"Home\">Home<\/a><\/li><li class=\"separator separator-home\"> <span class=\"dce-separator\"> &gt; <\/span> <\/li><\/ul>\t\t\t\t<\/div>\n\t\t\t\t<\/div>\n\t\t\t\t\t<\/div>\n\t\t<\/div>\n\t\t\t\t\t<\/div>\n\t\t<\/section>\n\t\t\t\t<section class=\"elementor-section elementor-top-section elementor-element elementor-element-add9b82 elementor-section-boxed elementor-section-height-default elementor-section-height-default\" data-id=\"add9b82\" data-element_type=\"section\">\n\t\t\t\t\t\t<div class=\"elementor-container elementor-column-gap-default\">\n\t\t\t\t\t<div class=\"elementor-column elementor-col-100 elementor-top-column elementor-element elementor-element-b7a3413\" data-id=\"b7a3413\" data-element_type=\"column\">\n\t\t\t<div class=\"elementor-widget-wrap elementor-element-populated\">\n\t\t\t\t\t\t<div class=\"elementor-element elementor-element-ec1530e dce-col-3 dce-posts-layout-default dce-col-tablet-3 dce-col-mobile-1 dce-align-left elementor-widget elementor-widget-dce-dynamicposts-v2\" data-id=\"ec1530e\" data-element_type=\"widget\" data-settings=\"{&quot;templatemode_linkable&quot;:&quot;yes&quot;,&quot;grid_match_height&quot;:&quot;yes&quot;,&quot;style_items&quot;:&quot;default&quot;,&quot;grid_grid_type&quot;:&quot;flex&quot;}\" data-widget_type=\"dce-dynamicposts-v2.grid\">\n\t\t\t\t<div class=\"elementor-widget-container\">\n\t\t\t\t\t\n\t\t<div class=\"dce-fix-background-loop dce-posts-container dce-posts dce-dynamic-posts-collection  dce-skin-grid dce-skin-grid-flex\">\n\t\t\t\t\t\t<div class=\"dce-posts-wrapper dce-wrapper-grid\">\n\t\t\t\n\t\t<article class=\"post-6827 post type-post status-publish format-standard has-post-thumbnail hentry category-prensa dce-post dce-post-item dce-item-grid\" data-dce-post-id=\"6827\" data-dce-post-index=\"0\" data-post-link=\"https:\/\/taniarubio.com\/en\/los-sonidos-que-america-latina-esta-dejando-de-escuchar\/\">\n\t\t\t<div class=\"dce-post-block\">\n\t\t<div class=\"dce-item dce-item_image elementor-repeater-item-3320d70\"><a class=\"dce-post-image\" href=\"https:\/\/taniarubio.com\/en\/los-sonidos-que-america-latina-esta-dejando-de-escuchar\/\"><figure data-image-ratio=\"1\" class=\"dce-img\"><img fetchpriority=\"high\" decoding=\"async\" width=\"800\" height=\"534\" src=\"https:\/\/taniarubio.com\/wp-content\/uploads\/Rubio_Mx-1024x683.jpg\" class=\"\" alt=\"Los sonidos que Am\u00e9rica Latina est\u00e1 dejando de escuchar\" srcset=\"https:\/\/taniarubio.com\/wp-content\/uploads\/Rubio_Mx-1024x683.jpg 1024w, https:\/\/taniarubio.com\/wp-content\/uploads\/Rubio_Mx-300x200.jpg 300w, https:\/\/taniarubio.com\/wp-content\/uploads\/Rubio_Mx-768x512.jpg 768w, https:\/\/taniarubio.com\/wp-content\/uploads\/Rubio_Mx-1536x1024.jpg 1536w, https:\/\/taniarubio.com\/wp-content\/uploads\/Rubio_Mx-2048x1365.jpg 2048w, https:\/\/taniarubio.com\/wp-content\/uploads\/Rubio_Mx-18x12.jpg 18w\" sizes=\"(max-width: 800px) 100vw, 800px\" \/><\/figure><\/a><\/div><div class=\"dce-item dce-item_title elementor-repeater-item-3c10b94\"><h5 class=\"dce-post-title\"><a href=\"https:\/\/taniarubio.com\/en\/los-sonidos-que-america-latina-esta-dejando-de-escuchar\/\">Los sonidos que Am\u00e9rica Latina est\u00e1 dejando de escuchar<\/a><\/h5><\/div><div class=\"dce-item dce-item_custommeta elementor-repeater-item-57f9f94\"><\/div>\t\t\t<\/div>\n\t\t<\/article>\n\t\t\n\t\t<article class=\"post-6819 post type-post status-publish format-standard has-post-thumbnail hentry category-prensa dce-post dce-post-item dce-item-grid\" data-dce-post-id=\"6819\" data-dce-post-index=\"1\" data-post-link=\"https:\/\/taniarubio.com\/en\/ballydehob-cows-inspire-music-for-dublin-show\/\">\n\t\t\t<div class=\"dce-post-block\">\n\t\t<div class=\"dce-item dce-item_image elementor-repeater-item-3320d70\"><a class=\"dce-post-image\" href=\"https:\/\/taniarubio.com\/en\/ballydehob-cows-inspire-music-for-dublin-show\/\"><figure data-image-ratio=\"1\" class=\"dce-img\"><img decoding=\"async\" width=\"800\" height=\"450\" src=\"https:\/\/taniarubio.com\/wp-content\/uploads\/ballydehob-cows-inspire-music-for-dublin-show-image.jpg\" class=\"\" alt=\"The Glenkeen Variations features the work of ten international artists who have participated in the Glenkeen Garden residencies.\" srcset=\"https:\/\/taniarubio.com\/wp-content\/uploads\/ballydehob-cows-inspire-music-for-dublin-show-image.jpg 942w, https:\/\/taniarubio.com\/wp-content\/uploads\/ballydehob-cows-inspire-music-for-dublin-show-image-300x169.jpg 300w, https:\/\/taniarubio.com\/wp-content\/uploads\/ballydehob-cows-inspire-music-for-dublin-show-image-768x432.jpg 768w, https:\/\/taniarubio.com\/wp-content\/uploads\/ballydehob-cows-inspire-music-for-dublin-show-image-18x10.jpg 18w\" sizes=\"(max-width: 800px) 100vw, 800px\" \/><\/figure><\/a><\/div><div class=\"dce-item dce-item_title elementor-repeater-item-3c10b94\"><h5 class=\"dce-post-title\"><a href=\"https:\/\/taniarubio.com\/en\/ballydehob-cows-inspire-music-for-dublin-show\/\">Ballydehob cows inspire music for Dublin show<\/a><\/h5><\/div><div class=\"dce-item dce-item_custommeta elementor-repeater-item-57f9f94\"><\/div>\t\t\t<\/div>\n\t\t<\/article>\n\t\t\n\t\t<article class=\"post-6815 post type-post status-publish format-standard has-post-thumbnail hentry category-prensa dce-post dce-post-item dce-item-grid\" data-dce-post-id=\"6815\" data-dce-post-index=\"2\" data-post-link=\"https:\/\/taniarubio.com\/en\/composing-landscapes\/\">\n\t\t\t<div class=\"dce-post-block\">\n\t\t<div class=\"dce-item dce-item_image elementor-repeater-item-3320d70\"><a class=\"dce-post-image\" href=\"https:\/\/taniarubio.com\/en\/composing-landscapes\/\"><figure data-image-ratio=\"1\" class=\"dce-img\"><img decoding=\"async\" width=\"800\" height=\"348\" src=\"https:\/\/taniarubio.com\/wp-content\/uploads\/composing-landscapes-website-und-newsletter-formatkey-png-w983.png\" class=\"\" alt=\"Composing Landscapes\" srcset=\"https:\/\/taniarubio.com\/wp-content\/uploads\/composing-landscapes-website-und-newsletter-formatkey-png-w983.png 983w, https:\/\/taniarubio.com\/wp-content\/uploads\/composing-landscapes-website-und-newsletter-formatkey-png-w983-300x130.png 300w, https:\/\/taniarubio.com\/wp-content\/uploads\/composing-landscapes-website-und-newsletter-formatkey-png-w983-768x334.png 768w, https:\/\/taniarubio.com\/wp-content\/uploads\/composing-landscapes-website-und-newsletter-formatkey-png-w983-18x8.png 18w\" sizes=\"(max-width: 800px) 100vw, 800px\" \/><\/figure><\/a><\/div><div class=\"dce-item dce-item_title elementor-repeater-item-3c10b94\"><h5 class=\"dce-post-title\"><a href=\"https:\/\/taniarubio.com\/en\/composing-landscapes\/\">Composing Landscapes<\/a><\/h5><\/div><div class=\"dce-item dce-item_custommeta elementor-repeater-item-57f9f94\"><\/div>\t\t\t<\/div>\n\t\t<\/article>\n\t\t\n\t\t<article class=\"post-5987 post type-post status-publish format-standard has-post-thumbnail hentry category-sin-categoria dce-post dce-post-item dce-item-grid\" data-dce-post-id=\"5987\" data-dce-post-index=\"3\" data-post-link=\"https:\/\/taniarubio.com\/en\/ciclo-compositoras-mexicanas-del-xxi-tania-rubio\/\">\n\t\t\t<div class=\"dce-post-block\">\n\t\t<div class=\"dce-item dce-item_image elementor-repeater-item-3320d70\"><a class=\"dce-post-image\" href=\"https:\/\/taniarubio.com\/en\/ciclo-compositoras-mexicanas-del-xxi-tania-rubio\/\"><figure data-image-ratio=\"1\" class=\"dce-img\"><img loading=\"lazy\" decoding=\"async\" width=\"800\" height=\"800\" src=\"https:\/\/taniarubio.com\/wp-content\/uploads\/Tania-Field-trip-1024x1024.jpg\" class=\"\" alt=\"Ciclo Compositoras mexicanas del XXI. Tania Rubio\" srcset=\"https:\/\/taniarubio.com\/wp-content\/uploads\/Tania-Field-trip-1024x1024.jpg 1024w, https:\/\/taniarubio.com\/wp-content\/uploads\/Tania-Field-trip-300x300.jpg 300w, https:\/\/taniarubio.com\/wp-content\/uploads\/Tania-Field-trip-148x148.jpg 148w, https:\/\/taniarubio.com\/wp-content\/uploads\/Tania-Field-trip-768x768.jpg 768w, https:\/\/taniarubio.com\/wp-content\/uploads\/Tania-Field-trip-1536x1536.jpg 1536w, https:\/\/taniarubio.com\/wp-content\/uploads\/Tania-Field-trip-2048x2048.jpg 2048w, https:\/\/taniarubio.com\/wp-content\/uploads\/Tania-Field-trip-12x12.jpg 12w, https:\/\/taniarubio.com\/wp-content\/uploads\/elementor\/thumbs\/Tania-Field-trip-pyve2t8ty7hjap7x3n7og36accum70egbqmqtbp7z4.jpg 400w\" sizes=\"(max-width: 800px) 100vw, 800px\" \/><\/figure><\/a><\/div><div class=\"dce-item dce-item_title elementor-repeater-item-3c10b94\"><h5 class=\"dce-post-title\"><a href=\"https:\/\/taniarubio.com\/en\/ciclo-compositoras-mexicanas-del-xxi-tania-rubio\/\">Ciclo Compositoras mexicanas del XXI. Tania Rubio<\/a><\/h5><\/div><div class=\"dce-item dce-item_custommeta elementor-repeater-item-57f9f94\"><\/div>\t\t\t<\/div>\n\t\t<\/article>\n\t\t\n\t\t<article class=\"post-5341 post type-post status-publish format-standard has-post-thumbnail hentry category-prensa dce-post dce-post-item dce-item-grid\" data-dce-post-id=\"5341\" data-dce-post-index=\"4\" data-post-link=\"https:\/\/taniarubio.com\/en\/english-entrevista-festival-paaytaan\/\">\n\t\t\t<div class=\"dce-post-block\">\n\t\t<div class=\"dce-item dce-item_image elementor-repeater-item-3320d70\"><a class=\"dce-post-image\" href=\"https:\/\/taniarubio.com\/en\/english-entrevista-festival-paaytaan\/\"><figure data-image-ratio=\"1\" class=\"dce-img\"><img loading=\"lazy\" decoding=\"async\" width=\"800\" height=\"794\" src=\"https:\/\/taniarubio.com\/wp-content\/uploads\/TR_Cape_Ireland-copy-1024x1016.jpg\" class=\"\" alt=\"Crespo FoundationGlenkeen GardenIreland\" srcset=\"https:\/\/taniarubio.com\/wp-content\/uploads\/TR_Cape_Ireland-copy-1024x1016.jpg 1024w, https:\/\/taniarubio.com\/wp-content\/uploads\/TR_Cape_Ireland-copy-300x298.jpg 300w, https:\/\/taniarubio.com\/wp-content\/uploads\/TR_Cape_Ireland-copy-148x148.jpg 148w, https:\/\/taniarubio.com\/wp-content\/uploads\/TR_Cape_Ireland-copy-768x762.jpg 768w, https:\/\/taniarubio.com\/wp-content\/uploads\/TR_Cape_Ireland-copy-1536x1524.jpg 1536w, https:\/\/taniarubio.com\/wp-content\/uploads\/TR_Cape_Ireland-copy.jpg 1742w\" sizes=\"(max-width: 800px) 100vw, 800px\" \/><\/figure><\/a><\/div><div class=\"dce-item dce-item_title elementor-repeater-item-3c10b94\"><h5 class=\"dce-post-title\"><a href=\"https:\/\/taniarubio.com\/en\/english-entrevista-festival-paaytaan\/\">Entrevista Festival P\u00e1ayt&#8217;aan<\/a><\/h5><\/div><div class=\"dce-item dce-item_custommeta elementor-repeater-item-57f9f94\"><\/div>\t\t\t<\/div>\n\t\t<\/article>\n\t\t\n\t\t<article class=\"post-5270 post type-post status-publish format-standard has-post-thumbnail hentry category-prensa dce-post dce-post-item dce-item-grid\" data-dce-post-id=\"5270\" data-dce-post-index=\"5\" data-post-link=\"https:\/\/taniarubio.com\/en\/deutsch-die-kompositionen-der-natur\/\">\n\t\t\t<div class=\"dce-post-block\">\n\t\t<div class=\"dce-item dce-item_image elementor-repeater-item-3320d70\"><a class=\"dce-post-image\" href=\"https:\/\/taniarubio.com\/en\/deutsch-die-kompositionen-der-natur\/\"><figure data-image-ratio=\"1\" class=\"dce-img\"><img loading=\"lazy\" decoding=\"async\" width=\"800\" height=\"800\" src=\"https:\/\/taniarubio.com\/wp-content\/uploads\/Tania-Rubio-Photo-1024x1024.jpg\" class=\"\" alt=\"The compositions of Nature\" srcset=\"https:\/\/taniarubio.com\/wp-content\/uploads\/Tania-Rubio-Photo-1024x1024.jpg 1024w, https:\/\/taniarubio.com\/wp-content\/uploads\/Tania-Rubio-Photo-300x300.jpg 300w, https:\/\/taniarubio.com\/wp-content\/uploads\/Tania-Rubio-Photo-148x148.jpg 148w, https:\/\/taniarubio.com\/wp-content\/uploads\/Tania-Rubio-Photo-768x768.jpg 768w, https:\/\/taniarubio.com\/wp-content\/uploads\/Tania-Rubio-Photo.jpg 1365w\" sizes=\"(max-width: 800px) 100vw, 800px\" \/><\/figure><\/a><\/div><div class=\"dce-item dce-item_title elementor-repeater-item-3c10b94\"><h5 class=\"dce-post-title\"><a href=\"https:\/\/taniarubio.com\/en\/deutsch-die-kompositionen-der-natur\/\">The compositions of Nature<\/a><\/h5><\/div><div class=\"dce-item dce-item_custommeta elementor-repeater-item-57f9f94\"><\/div>\t\t\t<\/div>\n\t\t<\/article>\n\t\t\n\t\t<article class=\"post-4946 post type-post status-publish format-standard has-post-thumbnail hentry category-sin-categoria dce-post dce-post-item dce-item-grid\" data-dce-post-id=\"4946\" data-dce-post-index=\"6\" data-post-link=\"https:\/\/taniarubio.com\/en\/gestos-de-mutualismo-en-el-arte-sonoro-aves-y-tecnologias-trenzadas\/\">\n\t\t\t<div class=\"dce-post-block\">\n\t\t<div class=\"dce-item dce-item_image elementor-repeater-item-3320d70\"><a class=\"dce-post-image\" href=\"https:\/\/taniarubio.com\/en\/gestos-de-mutualismo-en-el-arte-sonoro-aves-y-tecnologias-trenzadas\/\"><figure data-image-ratio=\"1\" class=\"dce-img\"><img loading=\"lazy\" decoding=\"async\" width=\"800\" height=\"600\" src=\"https:\/\/taniarubio.com\/wp-content\/uploads\/2019\/07\/Field-recorgind1-1024x768.jpg\" class=\"\" alt=\"Gestos de mutualismo en el arte sonoro, aves y tecnolog\u00edas trenzadas\" srcset=\"https:\/\/taniarubio.com\/wp-content\/uploads\/2019\/07\/Field-recorgind1-1024x768.jpg 1024w, https:\/\/taniarubio.com\/wp-content\/uploads\/2019\/07\/Field-recorgind1-300x225.jpg 300w, https:\/\/taniarubio.com\/wp-content\/uploads\/2019\/07\/Field-recorgind1-768x576.jpg 768w, https:\/\/taniarubio.com\/wp-content\/uploads\/2019\/07\/Field-recorgind1-100x75.jpg 100w, https:\/\/taniarubio.com\/wp-content\/uploads\/2019\/07\/Field-recorgind1-862x647.jpg 862w, https:\/\/taniarubio.com\/wp-content\/uploads\/2019\/07\/Field-recorgind1-1200x900.jpg 1200w\" sizes=\"(max-width: 800px) 100vw, 800px\" \/><\/figure><\/a><\/div><div class=\"dce-item dce-item_title elementor-repeater-item-3c10b94\"><h5 class=\"dce-post-title\"><a href=\"https:\/\/taniarubio.com\/en\/gestos-de-mutualismo-en-el-arte-sonoro-aves-y-tecnologias-trenzadas\/\">Gestos de mutualismo en el arte sonoro, aves y tecnolog\u00edas trenzadas<\/a><\/h5><\/div><div class=\"dce-item dce-item_custommeta elementor-repeater-item-57f9f94\"><\/div>\t\t\t<\/div>\n\t\t<\/article>\n\t\t\n\t\t<article class=\"post-4944 post type-post status-publish format-standard has-post-thumbnail hentry category-sin-categoria dce-post dce-post-item dce-item-grid\" data-dce-post-id=\"4944\" data-dce-post-index=\"7\" data-post-link=\"https:\/\/taniarubio.com\/en\/el-oido-no-es-exclusivo-de-los-seres-humanos\/\">\n\t\t\t<div class=\"dce-post-block\">\n\t\t<div class=\"dce-item dce-item_image elementor-repeater-item-3320d70\"><a class=\"dce-post-image\" href=\"https:\/\/taniarubio.com\/en\/el-oido-no-es-exclusivo-de-los-seres-humanos\/\"><figure data-image-ratio=\"1\" class=\"dce-img\"><img loading=\"lazy\" decoding=\"async\" width=\"800\" height=\"450\" src=\"https:\/\/taniarubio.com\/wp-content\/uploads\/slider-4-1024x576.jpg\" class=\"\" alt=\"El o\u00eddo no es exclusivo de los seres humanos\" srcset=\"https:\/\/taniarubio.com\/wp-content\/uploads\/slider-4-1024x576.jpg 1024w, https:\/\/taniarubio.com\/wp-content\/uploads\/slider-4-300x169.jpg 300w, https:\/\/taniarubio.com\/wp-content\/uploads\/slider-4-768x432.jpg 768w, https:\/\/taniarubio.com\/wp-content\/uploads\/slider-4-1536x864.jpg 1536w, https:\/\/taniarubio.com\/wp-content\/uploads\/slider-4.jpg 1920w\" sizes=\"(max-width: 800px) 100vw, 800px\" \/><\/figure><\/a><\/div><div class=\"dce-item dce-item_title elementor-repeater-item-3c10b94\"><h5 class=\"dce-post-title\"><a href=\"https:\/\/taniarubio.com\/en\/el-oido-no-es-exclusivo-de-los-seres-humanos\/\">El o\u00eddo no es exclusivo de los seres humanos<\/a><\/h5><\/div><div class=\"dce-item dce-item_custommeta elementor-repeater-item-57f9f94\"><\/div>\t\t\t<\/div>\n\t\t<\/article>\n\t\t\n\t\t<article class=\"post-4929 post type-post status-publish format-standard has-post-thumbnail hentry category-sin-categoria dce-post dce-post-item dce-item-grid\" data-dce-post-id=\"4929\" data-dce-post-index=\"8\" data-post-link=\"https:\/\/taniarubio.com\/en\/deutsch-si-no-actuamos-ahora\/\">\n\t\t\t<div class=\"dce-post-block\">\n\t\t<div class=\"dce-item dce-item_image elementor-repeater-item-3320d70\"><a class=\"dce-post-image\" href=\"https:\/\/taniarubio.com\/en\/deutsch-si-no-actuamos-ahora\/\"><figure data-image-ratio=\"1\" class=\"dce-img\"><img loading=\"lazy\" decoding=\"async\" width=\"768\" height=\"1024\" src=\"https:\/\/taniarubio.com\/wp-content\/uploads\/2-768x1024.jpg\" class=\"\" alt=\"OLYMPUS DIGITAL CAMERA\" srcset=\"https:\/\/taniarubio.com\/wp-content\/uploads\/2-768x1024.jpg 768w, https:\/\/taniarubio.com\/wp-content\/uploads\/2-225x300.jpg 225w, https:\/\/taniarubio.com\/wp-content\/uploads\/2-1152x1536.jpg 1152w, https:\/\/taniarubio.com\/wp-content\/uploads\/2-scaled.jpg 1920w\" sizes=\"(max-width: 768px) 100vw, 768px\" \/><\/figure><\/a><\/div><div class=\"dce-item dce-item_title elementor-repeater-item-3c10b94\"><h5 class=\"dce-post-title\"><a href=\"https:\/\/taniarubio.com\/en\/deutsch-si-no-actuamos-ahora\/\">Si no actuamos ahora<\/a><\/h5><\/div><div class=\"dce-item dce-item_custommeta elementor-repeater-item-57f9f94\"><\/div>\t\t\t<\/div>\n\t\t<\/article>\n\t\t\t\t\t<\/div>\n\t\t\t\t\t<\/div>\n\t\t<div class=\"dce-pagination dce-pagination-bottom\"><span class=\"progression\">1 \/ 5<\/span><span class=\"current\" aria-current=\"page\">1<\/span><a href=\"https:\/\/taniarubio.com\/en\/wp-json\/wp\/v2\/pages\/2897\/page\/2\/\" class=\"inactive\">2<\/a><a href=\"https:\/\/taniarubio.com\/en\/wp-json\/wp\/v2\/pages\/2897\/page\/3\/\" class=\"inactive\">3<\/a><a href=\"https:\/\/taniarubio.com\/en\/wp-json\/wp\/v2\/pages\/2897\/page\/4\/\" class=\"inactive\">4<\/a><a href=\"https:\/\/taniarubio.com\/en\/wp-json\/wp\/v2\/pages\/2897\/page\/5\/\" class=\"inactive\">5<\/a><\/div>\t\t\t\t<\/div>\n\t\t\t\t<\/div>\n\t\t\t\t\t<\/div>\n\t\t<\/div>\n\t\t\t\t\t<\/div>\n\t\t<\/section>\n\t\t\t\t<\/div>","protected":false},"excerpt":{"rendered":"<p>Inicio &gt; Ciclo Compositoras mexicanas del XXI. Tania Rubio Entrevista Festival P\u00e1ayt&#8217;aan The compositions of Nature Gestos de mutualismo en el arte sonoro, aves y tecnolog\u00edas trenzadas El o\u00eddo no es exclusivo de los seres humanos Si no actuamos ahora &#8220;Biom\u00e1quinas, Animales del Viento&#8221; Compositora en residencia en Frankfurt Registran Paisaje Sonoro del Estero 1 [&hellip;]<\/p>\n","protected":false},"author":1,"featured_media":0,"parent":0,"menu_order":10,"comment_status":"closed","ping_status":"closed","template":"elementor_header_footer","meta":{"_acf_changed":false,"footnotes":""},"class_list":["post-2897","page","type-page","status-publish","hentry"],"acf":[],"_links":{"self":[{"href":"https:\/\/taniarubio.com\/en\/wp-json\/wp\/v2\/pages\/2897","targetHints":{"allow":["GET"]}}],"collection":[{"href":"https:\/\/taniarubio.com\/en\/wp-json\/wp\/v2\/pages"}],"about":[{"href":"https:\/\/taniarubio.com\/en\/wp-json\/wp\/v2\/types\/page"}],"author":[{"embeddable":true,"href":"https:\/\/taniarubio.com\/en\/wp-json\/wp\/v2\/users\/1"}],"replies":[{"embeddable":true,"href":"https:\/\/taniarubio.com\/en\/wp-json\/wp\/v2\/comments?post=2897"}],"version-history":[{"count":40,"href":"https:\/\/taniarubio.com\/en\/wp-json\/wp\/v2\/pages\/2897\/revisions"}],"predecessor-version":[{"id":6382,"href":"https:\/\/taniarubio.com\/en\/wp-json\/wp\/v2\/pages\/2897\/revisions\/6382"}],"wp:attachment":[{"href":"https:\/\/taniarubio.com\/en\/wp-json\/wp\/v2\/media?parent=2897"}],"curies":[{"name":"wp","href":"https:\/\/api.w.org\/{rel}","templated":true}]}}