{"id":3526,"date":"2020-12-21T23:56:37","date_gmt":"2020-12-21T23:56:37","guid":{"rendered":"https:\/\/taniarubio.com\/?page_id=3526"},"modified":"2023-09-11T17:09:44","modified_gmt":"2023-09-11T17:09:44","slug":"video","status":"publish","type":"page","link":"https:\/\/taniarubio.com\/en\/pagina-obras\/video\/","title":{"rendered":"Video"},"content":{"rendered":"<div data-elementor-type=\"wp-page\" data-elementor-id=\"3526\" class=\"elementor elementor-3526\" data-elementor-post-type=\"page\">\n\t\t\t\t\t\t<section data-dce-background-overlay-color=\"#000000\" class=\"elementor-section elementor-top-section elementor-element elementor-element-781832d elementor-section-boxed elementor-section-height-default elementor-section-height-default\" data-id=\"781832d\" data-element_type=\"section\" data-settings=\"{&quot;background_background&quot;:&quot;video&quot;,&quot;background_video_link&quot;:&quot;\\\/wp-content\\\/uploads\\\/Main-Comp-2.mp4&quot;}\">\n\t\t\t\t\t\t\t\t<div class=\"elementor-background-video-container elementor-hidden-mobile\">\n\t\t\t\t\t\t\t\t\t\t\t\t\t<video class=\"elementor-background-video-hosted\" autoplay muted playsinline loop><\/video>\n\t\t\t\t\t\t\t\t\t\t\t<\/div>\n\t\t\t\t\t\t\t\t\t<div class=\"elementor-background-overlay\"><\/div>\n\t\t\t\t\t\t\t<div class=\"elementor-container elementor-column-gap-default\">\n\t\t\t\t\t<div class=\"elementor-column elementor-col-100 elementor-top-column elementor-element elementor-element-62c2bae\" data-id=\"62c2bae\" data-element_type=\"column\">\n\t\t\t<div class=\"elementor-widget-wrap elementor-element-populated\">\n\t\t\t\t\t\t<div class=\"elementor-element elementor-element-d406fb9 elementor-widget elementor-widget-heading\" data-id=\"d406fb9\" data-element_type=\"widget\" data-widget_type=\"heading.default\">\n\t\t\t\t<div class=\"elementor-widget-container\">\n\t\t\t\t\t<h2 class=\"elementor-heading-title elementor-size-default\">Video<\/h2>\t\t\t\t<\/div>\n\t\t\t\t<\/div>\n\t\t\t\t<div class=\"elementor-element elementor-element-e547ac4 elementor-widget elementor-widget-dce-breadcrumbs\" data-id=\"e547ac4\" data-element_type=\"widget\" data-widget_type=\"dce-breadcrumbs.default\">\n\t\t\t\t<div class=\"elementor-widget-container\">\n\t\t\t\t\t<ul><li class=\"item-home\"><a class=\"bread-link bread-home\" href=\"https:\/\/taniarubio.com\/en\" title=\"Home\">Home<\/a><\/li><li class=\"separator separator-home\"> <span class=\"dce-separator\"> &gt; <\/span> <\/li><\/ul>\t\t\t\t<\/div>\n\t\t\t\t<\/div>\n\t\t\t\t\t<\/div>\n\t\t<\/div>\n\t\t\t\t\t<\/div>\n\t\t<\/section>\n\t\t\t\t<section class=\"elementor-section elementor-top-section elementor-element elementor-element-d8c5908 elementor-section-boxed elementor-section-height-default elementor-section-height-default\" data-id=\"d8c5908\" data-element_type=\"section\">\n\t\t\t\t\t\t<div class=\"elementor-container elementor-column-gap-default\">\n\t\t\t\t\t<div class=\"elementor-column elementor-col-100 elementor-top-column elementor-element elementor-element-da670ce\" data-id=\"da670ce\" data-element_type=\"column\">\n\t\t\t<div class=\"elementor-widget-wrap elementor-element-populated\">\n\t\t\t\t\t\t<div class=\"elementor-element elementor-element-217aac4 dce-col-3 dce-posts-layout-default dce-col-tablet-3 dce-col-mobile-1 dce-align-left elementor-widget elementor-widget-dce-dynamicposts-v2\" data-id=\"217aac4\" data-element_type=\"widget\" data-settings=\"{&quot;templatemode_linkable&quot;:&quot;yes&quot;,&quot;grid_match_height&quot;:&quot;yes&quot;,&quot;grid_match_height_by_row&quot;:&quot;true&quot;,&quot;style_items&quot;:&quot;default&quot;,&quot;grid_grid_type&quot;:&quot;flex&quot;}\" data-widget_type=\"dce-dynamicposts-v2.grid\">\n\t\t\t\t<div class=\"elementor-widget-container\">\n\t\t\t\t\t\n\t\t<div class=\"dce-fix-background-loop dce-posts-container dce-posts dce-dynamic-posts-collection  dce-skin-grid dce-skin-grid-flex\">\n\t\t\t\t\t\t<div class=\"dce-posts-wrapper dce-wrapper-grid\">\n\t\t\t\n\t\t<article class=\"post-4941 obras type-obras status-publish has-post-thumbnail hentry category-video dce-post dce-post-item dce-item-grid\" data-dce-post-id=\"4941\" data-dce-post-index=\"0\" data-post-link=\"https:\/\/taniarubio.com\/en\/obras\/laboratorios-sonoros\/\">\n\t\t\t<div class=\"dce-post-block\">\n\t\t<div class=\"dce-item dce-item_image elementor-repeater-item-3320d70\"><a class=\"dce-post-image\" href=\"https:\/\/taniarubio.com\/en\/obras\/laboratorios-sonoros\/\"><figure data-image-ratio=\"1\" class=\"dce-img\"><img fetchpriority=\"high\" decoding=\"async\" width=\"800\" height=\"467\" src=\"https:\/\/taniarubio.com\/wp-content\/uploads\/Tania-Rubio.jpg\" class=\"\" alt=\"Laboratorios Sonoros\" srcset=\"https:\/\/taniarubio.com\/wp-content\/uploads\/Tania-Rubio.jpg 983w, https:\/\/taniarubio.com\/wp-content\/uploads\/Tania-Rubio-300x175.jpg 300w, https:\/\/taniarubio.com\/wp-content\/uploads\/Tania-Rubio-768x448.jpg 768w\" sizes=\"(max-width: 800px) 100vw, 800px\" \/><\/figure><\/a><\/div><div class=\"dce-item dce-item_title elementor-repeater-item-3c10b94\"><h5 class=\"dce-post-title\"><a href=\"https:\/\/taniarubio.com\/en\/obras\/laboratorios-sonoros\/\">Laboratorios Sonoros<\/a><\/h5><\/div>\t\t\t<\/div>\n\t\t<\/article>\n\t\t\n\t\t<article class=\"post-4921 obras type-obras status-publish has-post-thumbnail hentry category-video dce-post dce-post-item dce-item-grid\" data-dce-post-id=\"4921\" data-dce-post-index=\"1\" data-post-link=\"https:\/\/taniarubio.com\/en\/obras\/diario-de-paisaje-sonoro\/\">\n\t\t\t<div class=\"dce-post-block\">\n\t\t<div class=\"dce-item dce-item_image elementor-repeater-item-3320d70\"><a class=\"dce-post-image\" href=\"https:\/\/taniarubio.com\/en\/obras\/diario-de-paisaje-sonoro\/\"><figure data-image-ratio=\"1\" class=\"dce-img\"><img decoding=\"async\" width=\"800\" height=\"450\" src=\"https:\/\/taniarubio.com\/wp-content\/uploads\/slider-1-1024x576.jpg\" class=\"\" alt=\"Diario de Paisaje Sonoro: Ecolog\u00eda ac\u00fastica y Estudios del Paisaje Sonoro\" srcset=\"https:\/\/taniarubio.com\/wp-content\/uploads\/slider-1-1024x576.jpg 1024w, https:\/\/taniarubio.com\/wp-content\/uploads\/slider-1-300x169.jpg 300w, https:\/\/taniarubio.com\/wp-content\/uploads\/slider-1-768x432.jpg 768w, https:\/\/taniarubio.com\/wp-content\/uploads\/slider-1-1536x864.jpg 1536w, https:\/\/taniarubio.com\/wp-content\/uploads\/slider-1.jpg 1920w\" sizes=\"(max-width: 800px) 100vw, 800px\" \/><\/figure><\/a><\/div><div class=\"dce-item dce-item_title elementor-repeater-item-3c10b94\"><h5 class=\"dce-post-title\"><a href=\"https:\/\/taniarubio.com\/en\/obras\/diario-de-paisaje-sonoro\/\">Diario de Paisaje Sonoro: Ecolog\u00eda ac\u00fastica y Estudios del Paisaje Sonoro<\/a><\/h5><\/div>\t\t\t<\/div>\n\t\t<\/article>\n\t\t\n\t\t<article class=\"post-4922 obras type-obras status-publish has-post-thumbnail hentry category-video dce-post dce-post-item dce-item-grid\" data-dce-post-id=\"4922\" data-dce-post-index=\"2\" data-post-link=\"https:\/\/taniarubio.com\/en\/obras\/diario-de-paisaje-sonoro-ventanas-de-escucha\/\">\n\t\t\t<div class=\"dce-post-block\">\n\t\t<div class=\"dce-item dce-item_image elementor-repeater-item-3320d70\"><a class=\"dce-post-image\" href=\"https:\/\/taniarubio.com\/en\/obras\/diario-de-paisaje-sonoro-ventanas-de-escucha\/\"><figure data-image-ratio=\"1\" class=\"dce-img\"><img decoding=\"async\" width=\"800\" height=\"450\" src=\"https:\/\/taniarubio.com\/wp-content\/uploads\/slider-3-1024x576.jpg\" class=\"\" alt=\"Diario de Paisaje Sonoro: Ventanas de Escucha\" srcset=\"https:\/\/taniarubio.com\/wp-content\/uploads\/slider-3-1024x576.jpg 1024w, https:\/\/taniarubio.com\/wp-content\/uploads\/slider-3-300x169.jpg 300w, https:\/\/taniarubio.com\/wp-content\/uploads\/slider-3-768x432.jpg 768w, https:\/\/taniarubio.com\/wp-content\/uploads\/slider-3-1536x864.jpg 1536w, https:\/\/taniarubio.com\/wp-content\/uploads\/slider-3.jpg 1920w\" sizes=\"(max-width: 800px) 100vw, 800px\" \/><\/figure><\/a><\/div><div class=\"dce-item dce-item_title elementor-repeater-item-3c10b94\"><h5 class=\"dce-post-title\"><a href=\"https:\/\/taniarubio.com\/en\/obras\/diario-de-paisaje-sonoro-ventanas-de-escucha\/\">Diario de Paisaje Sonoro: Ventanas de Escucha<\/a><\/h5><\/div>\t\t\t<\/div>\n\t\t<\/article>\n\t\t\n\t\t<article class=\"post-4923 obras type-obras status-publish has-post-thumbnail hentry category-video dce-post dce-post-item dce-item-grid\" data-dce-post-id=\"4923\" data-dce-post-index=\"3\" data-post-link=\"https:\/\/taniarubio.com\/en\/obras\/diario-de-paisaje-sonoro-grabacion-de-campo\/\">\n\t\t\t<div class=\"dce-post-block\">\n\t\t<div class=\"dce-item dce-item_image elementor-repeater-item-3320d70\"><a class=\"dce-post-image\" href=\"https:\/\/taniarubio.com\/en\/obras\/diario-de-paisaje-sonoro-grabacion-de-campo\/\"><figure data-image-ratio=\"1\" class=\"dce-img\"><img loading=\"lazy\" decoding=\"async\" width=\"800\" height=\"600\" src=\"https:\/\/taniarubio.com\/wp-content\/uploads\/P8231790-1024x768.jpg\" class=\"\" alt=\"OLYMPUS DIGITAL CAMERA\" srcset=\"https:\/\/taniarubio.com\/wp-content\/uploads\/P8231790-1024x768.jpg 1024w, https:\/\/taniarubio.com\/wp-content\/uploads\/P8231790-300x225.jpg 300w, https:\/\/taniarubio.com\/wp-content\/uploads\/P8231790-768x576.jpg 768w, https:\/\/taniarubio.com\/wp-content\/uploads\/P8231790-1536x1152.jpg 1536w, https:\/\/taniarubio.com\/wp-content\/uploads\/P8231790-2048x1536.jpg 2048w\" sizes=\"(max-width: 800px) 100vw, 800px\" \/><\/figure><\/a><\/div><div class=\"dce-item dce-item_title elementor-repeater-item-3c10b94\"><h5 class=\"dce-post-title\"><a href=\"https:\/\/taniarubio.com\/en\/obras\/diario-de-paisaje-sonoro-grabacion-de-campo\/\">Diario de Paisaje Sonoro: Grabaci\u00f3n de Campo<\/a><\/h5><\/div>\t\t\t<\/div>\n\t\t<\/article>\n\t\t\t\t\t<\/div>\n\t\t\t\t\t<\/div>\n\t\t\t\t\t\t<\/div>\n\t\t\t\t<\/div>\n\t\t\t\t\t<\/div>\n\t\t<\/div>\n\t\t\t\t\t<\/div>\n\t\t<\/section>\n\t\t\t\t<\/div>","protected":false},"excerpt":{"rendered":"<p>Inicio &gt; Laboratorios Sonoros Diario de Paisaje Sonoro: Ecolog\u00eda ac\u00fastica y Estudios del Paisaje Sonoro Diario de Paisaje Sonoro: Ventanas de Escucha Diario de Paisaje Sonoro: Grabaci\u00f3n de Campo 1 \/ 1<\/p>","protected":false},"author":1,"featured_media":0,"parent":2812,"menu_order":8,"comment_status":"closed","ping_status":"closed","template":"elementor_header_footer","meta":{"_acf_changed":false,"footnotes":""},"class_list":["post-3526","page","type-page","status-publish","hentry"],"acf":[],"_links":{"self":[{"href":"https:\/\/taniarubio.com\/en\/wp-json\/wp\/v2\/pages\/3526","targetHints":{"allow":["GET"]}}],"collection":[{"href":"https:\/\/taniarubio.com\/en\/wp-json\/wp\/v2\/pages"}],"about":[{"href":"https:\/\/taniarubio.com\/en\/wp-json\/wp\/v2\/types\/page"}],"author":[{"embeddable":true,"href":"https:\/\/taniarubio.com\/en\/wp-json\/wp\/v2\/users\/1"}],"replies":[{"embeddable":true,"href":"https:\/\/taniarubio.com\/en\/wp-json\/wp\/v2\/comments?post=3526"}],"version-history":[{"count":29,"href":"https:\/\/taniarubio.com\/en\/wp-json\/wp\/v2\/pages\/3526\/revisions"}],"predecessor-version":[{"id":6333,"href":"https:\/\/taniarubio.com\/en\/wp-json\/wp\/v2\/pages\/3526\/revisions\/6333"}],"up":[{"embeddable":true,"href":"https:\/\/taniarubio.com\/en\/wp-json\/wp\/v2\/pages\/2812"}],"wp:attachment":[{"href":"https:\/\/taniarubio.com\/en\/wp-json\/wp\/v2\/media?parent=3526"}],"curies":[{"name":"wp","href":"https:\/\/api.w.org\/{rel}","templated":true}]}}