{"id":4819,"date":"2021-04-14T21:05:45","date_gmt":"2021-04-14T21:05:45","guid":{"rendered":"https:\/\/taniarubio.com\/?page_id=4819"},"modified":"2023-09-11T17:14:23","modified_gmt":"2023-09-11T17:14:23","slug":"courses","status":"publish","type":"page","link":"https:\/\/taniarubio.com\/en\/invest\/courses\/","title":{"rendered":"Workshops"},"content":{"rendered":"<div data-elementor-type=\"wp-page\" data-elementor-id=\"4819\" class=\"elementor elementor-4819\" data-elementor-post-type=\"page\">\n\t\t\t\t\t\t<section data-dce-background-overlay-color=\"#000000\" class=\"elementor-section elementor-top-section elementor-element elementor-element-74d1ef7 elementor-section-boxed elementor-section-height-default elementor-section-height-default\" data-id=\"74d1ef7\" data-element_type=\"section\" data-settings=\"{&quot;background_background&quot;:&quot;video&quot;,&quot;background_video_link&quot;:&quot;\\\/wp-content\\\/uploads\\\/Main-Comp-2.mp4&quot;}\">\n\t\t\t\t\t\t\t\t<div class=\"elementor-background-video-container elementor-hidden-mobile\">\n\t\t\t\t\t\t\t\t\t\t\t\t\t<video class=\"elementor-background-video-hosted\" autoplay muted playsinline loop><\/video>\n\t\t\t\t\t\t\t\t\t\t\t<\/div>\n\t\t\t\t\t\t\t\t\t<div class=\"elementor-background-overlay\"><\/div>\n\t\t\t\t\t\t\t<div class=\"elementor-container elementor-column-gap-default\">\n\t\t\t\t\t<div class=\"elementor-column elementor-col-100 elementor-top-column elementor-element elementor-element-40525ff\" data-id=\"40525ff\" data-element_type=\"column\">\n\t\t\t<div class=\"elementor-widget-wrap elementor-element-populated\">\n\t\t\t\t\t\t<div class=\"elementor-element elementor-element-07e3366 elementor-widget elementor-widget-heading\" data-id=\"07e3366\" data-element_type=\"widget\" data-widget_type=\"heading.default\">\n\t\t\t\t<div class=\"elementor-widget-container\">\n\t\t\t\t\t<h2 class=\"elementor-heading-title elementor-size-default\">Workshops<\/h2>\t\t\t\t<\/div>\n\t\t\t\t<\/div>\n\t\t\t\t<div class=\"elementor-element elementor-element-918069a elementor-widget elementor-widget-dce-breadcrumbs\" data-id=\"918069a\" data-element_type=\"widget\" data-widget_type=\"dce-breadcrumbs.default\">\n\t\t\t\t<div class=\"elementor-widget-container\">\n\t\t\t\t\t<ul><li class=\"item-home\"><a class=\"bread-link bread-home\" href=\"https:\/\/taniarubio.com\/en\" title=\"Home\">Home<\/a><\/li><li class=\"separator separator-home\"> <span class=\"dce-separator\"> &gt; <\/span> <\/li><\/ul>\t\t\t\t<\/div>\n\t\t\t\t<\/div>\n\t\t\t\t\t<\/div>\n\t\t<\/div>\n\t\t\t\t\t<\/div>\n\t\t<\/section>\n\t\t\t\t<section class=\"elementor-section elementor-top-section elementor-element elementor-element-830ebfd elementor-section-boxed elementor-section-height-default elementor-section-height-default\" data-id=\"830ebfd\" data-element_type=\"section\">\n\t\t\t\t\t\t<div class=\"elementor-container elementor-column-gap-default\">\n\t\t\t\t\t<div class=\"elementor-column elementor-col-100 elementor-top-column elementor-element elementor-element-c4bc6a9\" data-id=\"c4bc6a9\" data-element_type=\"column\">\n\t\t\t<div class=\"elementor-widget-wrap elementor-element-populated\">\n\t\t\t\t\t\t<div class=\"elementor-element elementor-element-a35c0c9 dce-col-3 dce-posts-layout-default dce-col-tablet-3 dce-col-mobile-1 dce-align-left elementor-widget elementor-widget-dce-dynamicposts-v2\" data-id=\"a35c0c9\" data-element_type=\"widget\" data-settings=\"{&quot;templatemode_linkable&quot;:&quot;yes&quot;,&quot;grid_match_height&quot;:&quot;yes&quot;,&quot;style_items&quot;:&quot;default&quot;,&quot;grid_grid_type&quot;:&quot;flex&quot;}\" data-widget_type=\"dce-dynamicposts-v2.grid\">\n\t\t\t\t<div class=\"elementor-widget-container\">\n\t\t\t\t\t\n\t\t<div class=\"dce-fix-background-loop dce-posts-container dce-posts dce-dynamic-posts-collection  dce-skin-grid dce-skin-grid-flex\">\n\t\t\t\t\t\t<div class=\"dce-posts-wrapper dce-wrapper-grid\">\n\t\t\t\n\t\t<article class=\"post-5280 investigacion type-investigacion status-publish has-post-thumbnail hentry category-curso dce-post dce-post-item dce-item-grid\" data-dce-post-id=\"5280\" data-dce-post-index=\"0\" data-post-link=\"https:\/\/taniarubio.com\/en\/investigacion\/residencia-laboratorio-de-investigacion-creacion-ecologia-acustica-composicion-e-interpretacion-musical\/\">\n\t\t\t<div class=\"dce-post-block\">\n\t\t<div class=\"dce-item dce-item_image elementor-repeater-item-3320d70\"><a class=\"dce-post-image\" href=\"https:\/\/taniarubio.com\/en\/investigacion\/residencia-laboratorio-de-investigacion-creacion-ecologia-acustica-composicion-e-interpretacion-musical\/\"><figure data-image-ratio=\"1\" class=\"dce-img\"><img fetchpriority=\"high\" decoding=\"async\" width=\"800\" height=\"800\" src=\"https:\/\/taniarubio.com\/wp-content\/uploads\/1080x1080-Residencia-laborat-Ecologi\u0301a-acu\u0301stic-1-1024x1024.jpg\" class=\"\" alt=\"Residencia- Laboratorio de investigaci\u00f3n-creaci\u00f3n: Ecolog\u00eda ac\u00fastica, Composici\u00f3n e Interpretaci\u00f3n musical\" srcset=\"https:\/\/taniarubio.com\/wp-content\/uploads\/1080x1080-Residencia-laborat-Ecologi\u0301a-acu\u0301stic-1-1024x1024.jpg 1024w, https:\/\/taniarubio.com\/wp-content\/uploads\/1080x1080-Residencia-laborat-Ecologi\u0301a-acu\u0301stic-1-300x300.jpg 300w, https:\/\/taniarubio.com\/wp-content\/uploads\/1080x1080-Residencia-laborat-Ecologi\u0301a-acu\u0301stic-1-148x148.jpg 148w, https:\/\/taniarubio.com\/wp-content\/uploads\/1080x1080-Residencia-laborat-Ecologi\u0301a-acu\u0301stic-1-768x768.jpg 768w, https:\/\/taniarubio.com\/wp-content\/uploads\/1080x1080-Residencia-laborat-Ecologi\u0301a-acu\u0301stic-1.jpg 1080w\" sizes=\"(max-width: 800px) 100vw, 800px\" \/><\/figure><\/a><\/div><div class=\"dce-item dce-item_title elementor-repeater-item-3c10b94\"><p class=\"dce-post-title\"><a href=\"https:\/\/taniarubio.com\/en\/investigacion\/residencia-laboratorio-de-investigacion-creacion-ecologia-acustica-composicion-e-interpretacion-musical\/\">Residencia- Laboratorio de investigaci\u00f3n-creaci\u00f3n: Ecolog\u00eda ac\u00fastica, Composici\u00f3n e Interpretaci\u00f3n musical<\/a><\/p><\/div><div class=\"dce-item dce-item_custommeta elementor-repeater-item-57f9f94\"><\/div>\t\t\t<\/div>\n\t\t<\/article>\n\t\t\n\t\t<article class=\"post-4957 investigacion type-investigacion status-publish has-post-thumbnail hentry category-curso dce-post dce-post-item dce-item-grid\" data-dce-post-id=\"4957\" data-dce-post-index=\"1\" data-post-link=\"https:\/\/taniarubio.com\/en\/investigacion\/taller-de-paisaje-sonoro\/\">\n\t\t\t<div class=\"dce-post-block\">\n\t\t<div class=\"dce-item dce-item_image elementor-repeater-item-3320d70\"><a class=\"dce-post-image\" href=\"https:\/\/taniarubio.com\/en\/investigacion\/taller-de-paisaje-sonoro\/\"><figure data-image-ratio=\"1\" class=\"dce-img\"><img decoding=\"async\" width=\"800\" height=\"600\" src=\"https:\/\/taniarubio.com\/wp-content\/uploads\/Taller-Tania-Rubio2.jpg\" class=\"\" alt=\"Taller de Paisaje Sonoro\" srcset=\"https:\/\/taniarubio.com\/wp-content\/uploads\/Taller-Tania-Rubio2.jpg 1024w, https:\/\/taniarubio.com\/wp-content\/uploads\/Taller-Tania-Rubio2-300x225.jpg 300w, https:\/\/taniarubio.com\/wp-content\/uploads\/Taller-Tania-Rubio2-768x576.jpg 768w\" sizes=\"(max-width: 800px) 100vw, 800px\" \/><\/figure><\/a><\/div><div class=\"dce-item dce-item_title elementor-repeater-item-3c10b94\"><p class=\"dce-post-title\"><a href=\"https:\/\/taniarubio.com\/en\/investigacion\/taller-de-paisaje-sonoro\/\">Taller de Paisaje Sonoro<\/a><\/p><\/div><div class=\"dce-item dce-item_custommeta elementor-repeater-item-57f9f94\"><\/div>\t\t\t<\/div>\n\t\t<\/article>\n\t\t\t\t\t<\/div>\n\t\t\t\t\t<\/div>\n\t\t\t\t\t\t<\/div>\n\t\t\t\t<\/div>\n\t\t\t\t\t<\/div>\n\t\t<\/div>\n\t\t\t\t\t<\/div>\n\t\t<\/section>\n\t\t\t\t<\/div>","protected":false},"excerpt":{"rendered":"<p>Inicio &gt; Residencia- Laboratorio de investigaci\u00f3n-creaci\u00f3n: Ecolog\u00eda ac\u00fastica, Composici\u00f3n e Interpretaci\u00f3n musical Taller de Paisaje Sonoro 1 \/ 1<\/p>","protected":false},"author":1,"featured_media":0,"parent":2871,"menu_order":3,"comment_status":"closed","ping_status":"closed","template":"elementor_header_footer","meta":{"_acf_changed":false,"footnotes":""},"class_list":["post-4819","page","type-page","status-publish","hentry"],"acf":[],"_links":{"self":[{"href":"https:\/\/taniarubio.com\/en\/wp-json\/wp\/v2\/pages\/4819","targetHints":{"allow":["GET"]}}],"collection":[{"href":"https:\/\/taniarubio.com\/en\/wp-json\/wp\/v2\/pages"}],"about":[{"href":"https:\/\/taniarubio.com\/en\/wp-json\/wp\/v2\/types\/page"}],"author":[{"embeddable":true,"href":"https:\/\/taniarubio.com\/en\/wp-json\/wp\/v2\/users\/1"}],"replies":[{"embeddable":true,"href":"https:\/\/taniarubio.com\/en\/wp-json\/wp\/v2\/comments?post=4819"}],"version-history":[{"count":25,"href":"https:\/\/taniarubio.com\/en\/wp-json\/wp\/v2\/pages\/4819\/revisions"}],"predecessor-version":[{"id":6376,"href":"https:\/\/taniarubio.com\/en\/wp-json\/wp\/v2\/pages\/4819\/revisions\/6376"}],"up":[{"embeddable":true,"href":"https:\/\/taniarubio.com\/en\/wp-json\/wp\/v2\/pages\/2871"}],"wp:attachment":[{"href":"https:\/\/taniarubio.com\/en\/wp-json\/wp\/v2\/media?parent=4819"}],"curies":[{"name":"wp","href":"https:\/\/api.w.org\/{rel}","templated":true}]}}