{"id":4828,"date":"2021-04-14T21:07:15","date_gmt":"2021-04-14T21:07:15","guid":{"rendered":"https:\/\/taniarubio.com\/?page_id=4828"},"modified":"2023-09-11T17:13:56","modified_gmt":"2023-09-11T17:13:56","slug":"publicacion","status":"publish","type":"page","link":"https:\/\/taniarubio.com\/en\/invest\/publicacion\/","title":{"rendered":"Publications"},"content":{"rendered":"<div data-elementor-type=\"wp-page\" data-elementor-id=\"4828\" class=\"elementor elementor-4828\" data-elementor-post-type=\"page\">\n\t\t\t\t\t\t<section data-dce-background-overlay-color=\"#000000\" class=\"elementor-section elementor-top-section elementor-element elementor-element-8fca061 elementor-section-boxed elementor-section-height-default elementor-section-height-default\" data-id=\"8fca061\" data-element_type=\"section\" data-settings=\"{&quot;background_background&quot;:&quot;video&quot;,&quot;background_video_link&quot;:&quot;\\\/wp-content\\\/uploads\\\/Main-Comp-2.mp4&quot;}\">\n\t\t\t\t\t\t\t\t<div class=\"elementor-background-video-container elementor-hidden-mobile\">\n\t\t\t\t\t\t\t\t\t\t\t\t\t<video class=\"elementor-background-video-hosted\" autoplay muted playsinline loop><\/video>\n\t\t\t\t\t\t\t\t\t\t\t<\/div>\n\t\t\t\t\t\t\t\t\t<div class=\"elementor-background-overlay\"><\/div>\n\t\t\t\t\t\t\t<div class=\"elementor-container elementor-column-gap-default\">\n\t\t\t\t\t<div class=\"elementor-column elementor-col-100 elementor-top-column elementor-element elementor-element-debe55f\" data-id=\"debe55f\" data-element_type=\"column\">\n\t\t\t<div class=\"elementor-widget-wrap elementor-element-populated\">\n\t\t\t\t\t\t<div class=\"elementor-element elementor-element-c550392 elementor-widget elementor-widget-heading\" data-id=\"c550392\" data-element_type=\"widget\" data-widget_type=\"heading.default\">\n\t\t\t\t<div class=\"elementor-widget-container\">\n\t\t\t\t\t<h2 class=\"elementor-heading-title elementor-size-default\">Publications<\/h2>\t\t\t\t<\/div>\n\t\t\t\t<\/div>\n\t\t\t\t<div class=\"elementor-element elementor-element-fb9b5fc elementor-widget elementor-widget-dce-breadcrumbs\" data-id=\"fb9b5fc\" data-element_type=\"widget\" data-widget_type=\"dce-breadcrumbs.default\">\n\t\t\t\t<div class=\"elementor-widget-container\">\n\t\t\t\t\t<ul><li class=\"item-home\"><a class=\"bread-link bread-home\" href=\"https:\/\/taniarubio.com\/en\" title=\"Home\">Home<\/a><\/li><li class=\"separator separator-home\"> <span class=\"dce-separator\"> &gt; <\/span> <\/li><\/ul>\t\t\t\t<\/div>\n\t\t\t\t<\/div>\n\t\t\t\t\t<\/div>\n\t\t<\/div>\n\t\t\t\t\t<\/div>\n\t\t<\/section>\n\t\t\t\t<section class=\"elementor-section elementor-top-section elementor-element elementor-element-9084308 elementor-section-boxed elementor-section-height-default elementor-section-height-default\" data-id=\"9084308\" data-element_type=\"section\">\n\t\t\t\t\t\t<div class=\"elementor-container elementor-column-gap-default\">\n\t\t\t\t\t<div class=\"elementor-column elementor-col-100 elementor-top-column elementor-element elementor-element-9812f3e\" data-id=\"9812f3e\" data-element_type=\"column\">\n\t\t\t<div class=\"elementor-widget-wrap elementor-element-populated\">\n\t\t\t\t\t\t<div class=\"elementor-element elementor-element-c490603 dce-col-3 dce-posts-layout-default dce-col-tablet-3 dce-col-mobile-1 dce-align-left elementor-widget elementor-widget-dce-dynamicposts-v2\" data-id=\"c490603\" data-element_type=\"widget\" data-settings=\"{&quot;templatemode_linkable&quot;:&quot;yes&quot;,&quot;grid_match_height&quot;:&quot;yes&quot;,&quot;style_items&quot;:&quot;default&quot;,&quot;grid_grid_type&quot;:&quot;flex&quot;}\" data-widget_type=\"dce-dynamicposts-v2.grid\">\n\t\t\t\t<div class=\"elementor-widget-container\">\n\t\t\t\t\t\n\t\t<div class=\"dce-fix-background-loop dce-posts-container dce-posts dce-dynamic-posts-collection  dce-skin-grid dce-skin-grid-flex\">\n\t\t\t\t\t\t<div class=\"dce-posts-wrapper dce-wrapper-grid\">\n\t\t\t\n\t\t<article class=\"post-6866 investigacion type-investigacion status-publish has-post-thumbnail hentry category-investigaciones category-publicaciones dce-post dce-post-item dce-item-grid\" data-dce-post-id=\"6866\" data-dce-post-index=\"0\" data-post-link=\"https:\/\/taniarubio.com\/en\/investigacion\/biomusic-exploring-art-science-intersections-from-ecological-listening-perspectives-as-new-strategies-for-music-composition\/\">\n\t\t\t<div class=\"dce-post-block\">\n\t\t<div class=\"dce-item dce-item_image elementor-repeater-item-3320d70\"><a class=\"dce-post-image\" href=\"https:\/\/taniarubio.com\/en\/investigacion\/biomusic-exploring-art-science-intersections-from-ecological-listening-perspectives-as-new-strategies-for-music-composition\/\"><figure data-image-ratio=\"1\" class=\"dce-img\"><img fetchpriority=\"high\" decoding=\"async\" width=\"673\" height=\"1024\" src=\"https:\/\/taniarubio.com\/wp-content\/uploads\/Klima-Klang-Transformation-arrastrado-673x1024.jpg\" class=\"\" alt=\"Biomusic: Exploring art-science intersections from ecological listening perspectives as new strategies for music composition\" srcset=\"https:\/\/taniarubio.com\/wp-content\/uploads\/Klima-Klang-Transformation-arrastrado-673x1024.jpg 673w, https:\/\/taniarubio.com\/wp-content\/uploads\/Klima-Klang-Transformation-arrastrado-197x300.jpg 197w, https:\/\/taniarubio.com\/wp-content\/uploads\/Klima-Klang-Transformation-arrastrado-768x1168.jpg 768w, https:\/\/taniarubio.com\/wp-content\/uploads\/Klima-Klang-Transformation-arrastrado-1010x1536.jpg 1010w, https:\/\/taniarubio.com\/wp-content\/uploads\/Klima-Klang-Transformation-arrastrado-1347x2048.jpg 1347w, https:\/\/taniarubio.com\/wp-content\/uploads\/Klima-Klang-Transformation-arrastrado-8x12.jpg 8w, https:\/\/taniarubio.com\/wp-content\/uploads\/Klima-Klang-Transformation-arrastrado-scaled.jpg 1684w\" sizes=\"(max-width: 673px) 100vw, 673px\" \/><\/figure><\/a><\/div><div class=\"dce-item dce-item_title elementor-repeater-item-3c10b94\"><p class=\"dce-post-title\"><a href=\"https:\/\/taniarubio.com\/en\/investigacion\/biomusic-exploring-art-science-intersections-from-ecological-listening-perspectives-as-new-strategies-for-music-composition\/\">Biomusic: Exploring art-science intersections from ecological listening perspectives as new strategies for music composition<\/a><\/p><\/div><div class=\"dce-item dce-item_custommeta elementor-repeater-item-57f9f94\"><\/div>\t\t\t<\/div>\n\t\t<\/article>\n\t\t\n\t\t<article class=\"post-6839 investigacion type-investigacion status-publish has-post-thumbnail hentry category-investigaciones category-publicaciones dce-post dce-post-item dce-item-grid\" data-dce-post-id=\"6839\" data-dce-post-index=\"1\" data-post-link=\"https:\/\/taniarubio.com\/en\/investigacion\/productions-of-nature-in-tania-rubios-sound-worlds\/\">\n\t\t\t<div class=\"dce-post-block\">\n\t\t<div class=\"dce-item dce-item_image elementor-repeater-item-3320d70\"><a class=\"dce-post-image\" href=\"https:\/\/taniarubio.com\/en\/investigacion\/productions-of-nature-in-tania-rubios-sound-worlds\/\"><figure data-image-ratio=\"1\" class=\"dce-img\"><img decoding=\"async\" width=\"300\" height=\"465\" src=\"https:\/\/taniarubio.com\/wp-content\/uploads\/9783837670660.jpg\" class=\"\" alt=\"Productions of Nature in Tania Rubio&#8217;s Sound Worlds.\" srcset=\"https:\/\/taniarubio.com\/wp-content\/uploads\/9783837670660.jpg 300w, https:\/\/taniarubio.com\/wp-content\/uploads\/9783837670660-194x300.jpg 194w, https:\/\/taniarubio.com\/wp-content\/uploads\/9783837670660-8x12.jpg 8w\" sizes=\"(max-width: 300px) 100vw, 300px\" \/><\/figure><\/a><\/div><div class=\"dce-item dce-item_title elementor-repeater-item-3c10b94\"><p class=\"dce-post-title\"><a href=\"https:\/\/taniarubio.com\/en\/investigacion\/productions-of-nature-in-tania-rubios-sound-worlds\/\">Productions of Nature in Tania Rubio&#8217;s Sound Worlds.<\/a><\/p><\/div><div class=\"dce-item dce-item_custommeta elementor-repeater-item-57f9f94\"><\/div>\t\t\t<\/div>\n\t\t<\/article>\n\t\t\n\t\t<article class=\"post-5992 investigacion type-investigacion status-publish has-post-thumbnail hentry category-investigaciones category-publicaciones dce-post dce-post-item dce-item-grid\" data-dce-post-id=\"5992\" data-dce-post-index=\"2\" data-post-link=\"https:\/\/taniarubio.com\/en\/investigacion\/the-practice-of-immersive-listening-experiences-in-acoustic-natural-spaces-acoustic-ecology-lab-a-case-study\/\">\n\t\t\t<div class=\"dce-post-block\">\n\t\t<div class=\"dce-item dce-item_image elementor-repeater-item-3320d70\"><a class=\"dce-post-image\" href=\"https:\/\/taniarubio.com\/en\/investigacion\/the-practice-of-immersive-listening-experiences-in-acoustic-natural-spaces-acoustic-ecology-lab-a-case-study\/\"><figure data-image-ratio=\"1\" class=\"dce-img\"><img decoding=\"async\" width=\"747\" height=\"1024\" src=\"https:\/\/taniarubio.com\/wp-content\/uploads\/Ars-Electronica-747x1024.jpg\" class=\"\" alt=\"The practice of immersive listening experiences in acoustic natural spaces. Acoustic Ecology Lab: a case study\" srcset=\"https:\/\/taniarubio.com\/wp-content\/uploads\/Ars-Electronica-747x1024.jpg 747w, https:\/\/taniarubio.com\/wp-content\/uploads\/Ars-Electronica-219x300.jpg 219w, https:\/\/taniarubio.com\/wp-content\/uploads\/Ars-Electronica-768x1053.jpg 768w, https:\/\/taniarubio.com\/wp-content\/uploads\/Ars-Electronica-1120x1536.jpg 1120w, https:\/\/taniarubio.com\/wp-content\/uploads\/Ars-Electronica-1493x2048.jpg 1493w, https:\/\/taniarubio.com\/wp-content\/uploads\/Ars-Electronica-9x12.jpg 9w, https:\/\/taniarubio.com\/wp-content\/uploads\/Ars-Electronica-scaled.jpg 1866w\" sizes=\"(max-width: 747px) 100vw, 747px\" \/><\/figure><\/a><\/div><div class=\"dce-item dce-item_title elementor-repeater-item-3c10b94\"><p class=\"dce-post-title\"><a href=\"https:\/\/taniarubio.com\/en\/investigacion\/the-practice-of-immersive-listening-experiences-in-acoustic-natural-spaces-acoustic-ecology-lab-a-case-study\/\">The practice of immersive listening experiences in acoustic natural spaces. Acoustic Ecology Lab: a case study<\/a><\/p><\/div><div class=\"dce-item dce-item_custommeta elementor-repeater-item-57f9f94\"><\/div>\t\t\t<\/div>\n\t\t<\/article>\n\t\t\n\t\t<article class=\"post-5990 investigacion type-investigacion status-publish has-post-thumbnail hentry category-investigaciones category-publicaciones dce-post dce-post-item dce-item-grid\" data-dce-post-id=\"5990\" data-dce-post-index=\"3\" data-post-link=\"https:\/\/taniarubio.com\/en\/investigacion\/perspectivas-transdisciplinares-del-paisaje-sonoro-y-la-escucha\/\">\n\t\t\t<div class=\"dce-post-block\">\n\t\t<div class=\"dce-item dce-item_image elementor-repeater-item-3320d70\"><a class=\"dce-post-image\" href=\"https:\/\/taniarubio.com\/en\/investigacion\/perspectivas-transdisciplinares-del-paisaje-sonoro-y-la-escucha\/\"><figure data-image-ratio=\"1\" class=\"dce-img\"><img loading=\"lazy\" decoding=\"async\" width=\"768\" height=\"1024\" src=\"https:\/\/taniarubio.com\/wp-content\/uploads\/AURAL-768x1024.jpg\" class=\"\" alt=\"Perspectivas Transdisciplinares del Paisaje Sonoro y la Escucha\" srcset=\"https:\/\/taniarubio.com\/wp-content\/uploads\/AURAL-768x1024.jpg 768w, https:\/\/taniarubio.com\/wp-content\/uploads\/AURAL-225x300.jpg 225w, https:\/\/taniarubio.com\/wp-content\/uploads\/AURAL-1152x1536.jpg 1152w, https:\/\/taniarubio.com\/wp-content\/uploads\/AURAL-1536x2048.jpg 1536w, https:\/\/taniarubio.com\/wp-content\/uploads\/AURAL-9x12.jpg 9w, https:\/\/taniarubio.com\/wp-content\/uploads\/AURAL-scaled.jpg 1920w\" sizes=\"(max-width: 768px) 100vw, 768px\" \/><\/figure><\/a><\/div><div class=\"dce-item dce-item_title elementor-repeater-item-3c10b94\"><p class=\"dce-post-title\"><a href=\"https:\/\/taniarubio.com\/en\/investigacion\/perspectivas-transdisciplinares-del-paisaje-sonoro-y-la-escucha\/\">Perspectivas Transdisciplinares del Paisaje Sonoro y la Escucha<\/a><\/p><\/div><div class=\"dce-item dce-item_custommeta elementor-repeater-item-57f9f94\"><\/div>\t\t\t<\/div>\n\t\t<\/article>\n\t\t\n\t\t<article class=\"post-3698 investigacion type-investigacion status-publish has-post-thumbnail hentry category-publicaciones dce-post dce-post-item dce-item-grid\" data-dce-post-id=\"3698\" data-dce-post-index=\"4\" data-post-link=\"https:\/\/taniarubio.com\/en\/investigacion\/biomusica-estudio-interdisciplinario-del-paisaje-sonoro-para-la-creacion-de-musica-nueva\/\">\n\t\t\t<div class=\"dce-post-block\">\n\t\t<div class=\"dce-item dce-item_image elementor-repeater-item-3320d70\"><a class=\"dce-post-image\" href=\"https:\/\/taniarubio.com\/en\/investigacion\/biomusica-estudio-interdisciplinario-del-paisaje-sonoro-para-la-creacion-de-musica-nueva\/\"><figure data-image-ratio=\"1\" class=\"dce-img\"><img loading=\"lazy\" decoding=\"async\" width=\"724\" height=\"1024\" src=\"https:\/\/taniarubio.com\/wp-content\/uploads\/cuadernos_3_2020_-_completo--724x1024.jpg\" class=\"\" alt=\"Biom\u00fasica: Estudio Interdisciplinario del Paisaje Sonoro para la Creaci\u00f3n de M\u00fasica Nueva\" srcset=\"https:\/\/taniarubio.com\/wp-content\/uploads\/cuadernos_3_2020_-_completo--724x1024.jpg 724w, https:\/\/taniarubio.com\/wp-content\/uploads\/cuadernos_3_2020_-_completo--212x300.jpg 212w, https:\/\/taniarubio.com\/wp-content\/uploads\/cuadernos_3_2020_-_completo--768x1086.jpg 768w, https:\/\/taniarubio.com\/wp-content\/uploads\/cuadernos_3_2020_-_completo--1086x1536.jpg 1086w, https:\/\/taniarubio.com\/wp-content\/uploads\/cuadernos_3_2020_-_completo--1448x2048.jpg 1448w, https:\/\/taniarubio.com\/wp-content\/uploads\/cuadernos_3_2020_-_completo-.jpg 1654w\" sizes=\"(max-width: 724px) 100vw, 724px\" \/><\/figure><\/a><\/div><div class=\"dce-item dce-item_title elementor-repeater-item-3c10b94\"><p class=\"dce-post-title\"><a href=\"https:\/\/taniarubio.com\/en\/investigacion\/biomusica-estudio-interdisciplinario-del-paisaje-sonoro-para-la-creacion-de-musica-nueva\/\">Biom\u00fasica: Estudio Interdisciplinario del Paisaje Sonoro para la Creaci\u00f3n de M\u00fasica Nueva<\/a><\/p><\/div><div class=\"dce-item dce-item_custommeta elementor-repeater-item-57f9f94\"><\/div>\t\t\t<\/div>\n\t\t<\/article>\n\t\t\n\t\t<article class=\"post-3682 investigacion type-investigacion status-publish has-post-thumbnail hentry category-publicaciones dce-post dce-post-item dce-item-grid\" data-dce-post-id=\"3682\" data-dce-post-index=\"5\" data-post-link=\"https:\/\/taniarubio.com\/en\/investigacion\/la-creacion-de-una-obra-transdisciplinar-contemporanea-a-partir-del-estudio-y-construccion-de-instrumentos-autoctonos-de-america-en-relacion-con-sus-animales-simbolo\/\">\n\t\t\t<div class=\"dce-post-block\">\n\t\t<div class=\"dce-item dce-item_image elementor-repeater-item-3320d70\"><a class=\"dce-post-image\" href=\"https:\/\/taniarubio.com\/en\/investigacion\/la-creacion-de-una-obra-transdisciplinar-contemporanea-a-partir-del-estudio-y-construccion-de-instrumentos-autoctonos-de-america-en-relacion-con-sus-animales-simbolo\/\"><figure data-image-ratio=\"1\" class=\"dce-img\"><img loading=\"lazy\" decoding=\"async\" width=\"768\" height=\"1024\" src=\"https:\/\/taniarubio.com\/wp-content\/uploads\/IMG_8406-768x1024.jpg\" class=\"\" alt=\"La creaci\u00f3n de una obra transdisciplinar contempor\u00e1nea a partir del estudio y construcci\u00f3n de instrumentos aut\u00f3ctonos de Am\u00e9rica en relaci\u00f3n con sus animales s\u00edmbolo\" srcset=\"https:\/\/taniarubio.com\/wp-content\/uploads\/IMG_8406-768x1024.jpg 768w, https:\/\/taniarubio.com\/wp-content\/uploads\/IMG_8406-225x300.jpg 225w, https:\/\/taniarubio.com\/wp-content\/uploads\/IMG_8406-1152x1536.jpg 1152w, https:\/\/taniarubio.com\/wp-content\/uploads\/IMG_8406-scaled.jpg 1920w\" sizes=\"(max-width: 768px) 100vw, 768px\" \/><\/figure><\/a><\/div><div class=\"dce-item dce-item_title elementor-repeater-item-3c10b94\"><p class=\"dce-post-title\"><a href=\"https:\/\/taniarubio.com\/en\/investigacion\/la-creacion-de-una-obra-transdisciplinar-contemporanea-a-partir-del-estudio-y-construccion-de-instrumentos-autoctonos-de-america-en-relacion-con-sus-animales-simbolo\/\">La creaci\u00f3n de una obra transdisciplinar contempor\u00e1nea a partir del estudio y construcci\u00f3n de instrumentos aut\u00f3ctonos de Am\u00e9rica en relaci\u00f3n con sus animales s\u00edmbolo<\/a><\/p><\/div><div class=\"dce-item dce-item_custommeta elementor-repeater-item-57f9f94\"><\/div>\t\t\t<\/div>\n\t\t<\/article>\n\t\t\n\t\t<article class=\"post-3678 investigacion type-investigacion status-publish has-post-thumbnail hentry category-publicaciones dce-post dce-post-item dce-item-grid\" data-dce-post-id=\"3678\" data-dce-post-index=\"6\" data-post-link=\"https:\/\/taniarubio.com\/en\/investigacion\/revista-exploraciones-17\/\">\n\t\t\t<div class=\"dce-post-block\">\n\t\t<div class=\"dce-item dce-item_image elementor-repeater-item-3320d70\"><a class=\"dce-post-image\" href=\"https:\/\/taniarubio.com\/en\/investigacion\/revista-exploraciones-17\/\"><figure data-image-ratio=\"1\" class=\"dce-img\"><img loading=\"lazy\" decoding=\"async\" width=\"800\" height=\"800\" src=\"https:\/\/taniarubio.com\/wp-content\/uploads\/2018\/02\/Exploraciones-17-1024x1024.png\" class=\"\" alt=\"Revista Exploraciones 17\" srcset=\"https:\/\/taniarubio.com\/wp-content\/uploads\/2018\/02\/Exploraciones-17-1024x1024.png 1024w, https:\/\/taniarubio.com\/wp-content\/uploads\/2018\/02\/Exploraciones-17-150x150.png 150w, https:\/\/taniarubio.com\/wp-content\/uploads\/2018\/02\/Exploraciones-17-300x300.png 300w, https:\/\/taniarubio.com\/wp-content\/uploads\/2018\/02\/Exploraciones-17-768x768.png 768w, https:\/\/taniarubio.com\/wp-content\/uploads\/2018\/02\/Exploraciones-17-100x100.png 100w, https:\/\/taniarubio.com\/wp-content\/uploads\/2018\/02\/Exploraciones-17-862x862.png 862w, https:\/\/taniarubio.com\/wp-content\/uploads\/2018\/02\/Exploraciones-17-1200x1200.png 1200w, https:\/\/taniarubio.com\/wp-content\/uploads\/2018\/02\/Exploraciones-17.png 1448w\" sizes=\"(max-width: 800px) 100vw, 800px\" \/><\/figure><\/a><\/div><div class=\"dce-item dce-item_title elementor-repeater-item-3c10b94\"><p class=\"dce-post-title\"><a href=\"https:\/\/taniarubio.com\/en\/investigacion\/revista-exploraciones-17\/\">Revista Exploraciones 17<\/a><\/p><\/div><div class=\"dce-item dce-item_custommeta elementor-repeater-item-57f9f94\"><\/div>\t\t\t<\/div>\n\t\t<\/article>\n\t\t\n\t\t<article class=\"post-3677 investigacion type-investigacion status-publish has-post-thumbnail hentry category-publicaciones dce-post dce-post-item dce-item-grid\" data-dce-post-id=\"3677\" data-dce-post-index=\"7\" data-post-link=\"https:\/\/taniarubio.com\/en\/investigacion\/revista-exploraciones\/\">\n\t\t\t<div class=\"dce-post-block\">\n\t\t<div class=\"dce-item dce-item_image elementor-repeater-item-3320d70\"><a class=\"dce-post-image\" href=\"https:\/\/taniarubio.com\/en\/investigacion\/revista-exploraciones\/\"><figure data-image-ratio=\"1\" class=\"dce-img\"><img loading=\"lazy\" decoding=\"async\" width=\"724\" height=\"1024\" src=\"https:\/\/taniarubio.com\/wp-content\/uploads\/2017\/03\/EXPLORACIONES_16-arrastrado-copia-724x1024.jpg\" class=\"\" alt=\"Revista Exploraciones\" srcset=\"https:\/\/taniarubio.com\/wp-content\/uploads\/2017\/03\/EXPLORACIONES_16-arrastrado-copia-724x1024.jpg 724w, https:\/\/taniarubio.com\/wp-content\/uploads\/2017\/03\/EXPLORACIONES_16-arrastrado-copia-212x300.jpg 212w, https:\/\/taniarubio.com\/wp-content\/uploads\/2017\/03\/EXPLORACIONES_16-arrastrado-copia-768x1086.jpg 768w, https:\/\/taniarubio.com\/wp-content\/uploads\/2017\/03\/EXPLORACIONES_16-arrastrado-copia-100x141.jpg 100w, https:\/\/taniarubio.com\/wp-content\/uploads\/2017\/03\/EXPLORACIONES_16-arrastrado-copia-862x1219.jpg 862w, https:\/\/taniarubio.com\/wp-content\/uploads\/2017\/03\/EXPLORACIONES_16-arrastrado-copia-1200x1696.jpg 1200w, https:\/\/taniarubio.com\/wp-content\/uploads\/2017\/03\/EXPLORACIONES_16-arrastrado-copia.jpg 1240w\" sizes=\"(max-width: 724px) 100vw, 724px\" \/><\/figure><\/a><\/div><div class=\"dce-item dce-item_title elementor-repeater-item-3c10b94\"><p class=\"dce-post-title\"><a href=\"https:\/\/taniarubio.com\/en\/investigacion\/revista-exploraciones\/\">Revista Exploraciones<\/a><\/p><\/div><div class=\"dce-item dce-item_custommeta elementor-repeater-item-57f9f94\"><\/div>\t\t\t<\/div>\n\t\t<\/article>\n\t\t\t\t\t<\/div>\n\t\t\t\t\t<\/div>\n\t\t\t\t\t\t<\/div>\n\t\t\t\t<\/div>\n\t\t\t\t\t<\/div>\n\t\t<\/div>\n\t\t\t\t\t<\/div>\n\t\t<\/section>\n\t\t\t\t<\/div>","protected":false},"excerpt":{"rendered":"<p>Inicio &gt; The practice of immersive listening experiences in acoustic natural spaces. Acoustic Ecology Lab: a case study Perspectivas Transdisciplinares del Paisaje Sonoro y la Escucha Biom\u00fasica: Estudio Interdisciplinario del Paisaje Sonoro para la Creaci\u00f3n de M\u00fasica Nueva La creaci\u00f3n de una obra transdisciplinar contempor\u00e1nea a partir del estudio y construcci\u00f3n de instrumentos aut\u00f3ctonos de [&hellip;]<\/p>\n","protected":false},"author":1,"featured_media":0,"parent":2871,"menu_order":1,"comment_status":"closed","ping_status":"closed","template":"elementor_header_footer","meta":{"_acf_changed":false,"footnotes":""},"class_list":["post-4828","page","type-page","status-publish","hentry"],"acf":[],"_links":{"self":[{"href":"https:\/\/taniarubio.com\/en\/wp-json\/wp\/v2\/pages\/4828","targetHints":{"allow":["GET"]}}],"collection":[{"href":"https:\/\/taniarubio.com\/en\/wp-json\/wp\/v2\/pages"}],"about":[{"href":"https:\/\/taniarubio.com\/en\/wp-json\/wp\/v2\/types\/page"}],"author":[{"embeddable":true,"href":"https:\/\/taniarubio.com\/en\/wp-json\/wp\/v2\/users\/1"}],"replies":[{"embeddable":true,"href":"https:\/\/taniarubio.com\/en\/wp-json\/wp\/v2\/comments?post=4828"}],"version-history":[{"count":31,"href":"https:\/\/taniarubio.com\/en\/wp-json\/wp\/v2\/pages\/4828\/revisions"}],"predecessor-version":[{"id":6364,"href":"https:\/\/taniarubio.com\/en\/wp-json\/wp\/v2\/pages\/4828\/revisions\/6364"}],"up":[{"embeddable":true,"href":"https:\/\/taniarubio.com\/en\/wp-json\/wp\/v2\/pages\/2871"}],"wp:attachment":[{"href":"https:\/\/taniarubio.com\/en\/wp-json\/wp\/v2\/media?parent=4828"}],"curies":[{"name":"wp","href":"https:\/\/api.w.org\/{rel}","templated":true}]}}