{"id":5592,"date":"2022-11-24T03:42:09","date_gmt":"2022-11-24T03:42:09","guid":{"rendered":"https:\/\/taniarubio.com\/?page_id=5592"},"modified":"2023-11-08T05:00:18","modified_gmt":"2023-11-08T05:00:18","slug":"leam","status":"publish","type":"page","link":"https:\/\/taniarubio.com\/en\/leam\/","title":{"rendered":"Acoustic Ecology Lab in Mexico"},"content":{"rendered":"<div data-elementor-type=\"wp-page\" data-elementor-id=\"5592\" class=\"elementor elementor-5592\" data-elementor-post-type=\"page\">\n\t\t\t\t\t\t<section data-dce-background-overlay-color=\"#000000\" class=\"elementor-section elementor-top-section elementor-element elementor-element-387228f elementor-section-boxed elementor-section-height-default elementor-section-height-default\" data-id=\"387228f\" data-element_type=\"section\" data-settings=\"{&quot;background_background&quot;:&quot;video&quot;,&quot;background_video_link&quot;:&quot;\\\/wp-content\\\/uploads\\\/Main-Comp-2.mp4&quot;,&quot;background_play_on_mobile&quot;:&quot;yes&quot;}\">\n\t\t\t\t\t\t\t\t<div class=\"elementor-background-video-container\">\n\t\t\t\t\t\t\t\t\t\t\t\t\t<video class=\"elementor-background-video-hosted\" autoplay muted playsinline loop><\/video>\n\t\t\t\t\t\t\t\t\t\t\t<\/div>\n\t\t\t\t\t\t\t\t\t<div class=\"elementor-background-overlay\"><\/div>\n\t\t\t\t\t\t\t<div class=\"elementor-container elementor-column-gap-default\">\n\t\t\t\t\t<div class=\"elementor-column elementor-col-100 elementor-top-column elementor-element elementor-element-9c32bbe\" data-id=\"9c32bbe\" data-element_type=\"column\">\n\t\t\t<div class=\"elementor-widget-wrap elementor-element-populated\">\n\t\t\t\t\t\t<div class=\"elementor-element elementor-element-9444766 elementor-widget elementor-widget-heading\" data-id=\"9444766\" data-element_type=\"widget\" data-widget_type=\"heading.default\">\n\t\t\t\t<div class=\"elementor-widget-container\">\n\t\t\t\t\t<h2 class=\"elementor-heading-title elementor-size-default\">Acoustic Ecology Lab in Mexico<\/h2>\t\t\t\t<\/div>\n\t\t\t\t<\/div>\n\t\t\t\t\t<\/div>\n\t\t<\/div>\n\t\t\t\t\t<\/div>\n\t\t<\/section>\n\t\t\t\t<section class=\"elementor-section elementor-top-section elementor-element elementor-element-9ff00f3 elementor-section-boxed elementor-section-height-default elementor-section-height-default\" data-id=\"9ff00f3\" data-element_type=\"section\">\n\t\t\t\t\t\t<div class=\"elementor-container elementor-column-gap-default\">\n\t\t\t\t\t<div class=\"elementor-column elementor-col-100 elementor-top-column elementor-element elementor-element-c68f5a8\" data-id=\"c68f5a8\" data-element_type=\"column\">\n\t\t\t<div class=\"elementor-widget-wrap elementor-element-populated\">\n\t\t\t\t\t\t<section class=\"elementor-section elementor-inner-section elementor-element elementor-element-ab13305 elementor-section-boxed elementor-section-height-default elementor-section-height-default\" data-id=\"ab13305\" data-element_type=\"section\">\n\t\t\t\t\t\t<div class=\"elementor-container elementor-column-gap-default\">\n\t\t\t\t\t<div class=\"elementor-column elementor-col-50 elementor-inner-column elementor-element elementor-element-df265f0\" data-id=\"df265f0\" data-element_type=\"column\">\n\t\t\t<div class=\"elementor-widget-wrap elementor-element-populated\">\n\t\t\t\t\t\t<div class=\"elementor-element elementor-element-438cb6d elementor-widget elementor-widget-image\" data-id=\"438cb6d\" data-element_type=\"widget\" data-widget_type=\"image.default\">\n\t\t\t\t<div class=\"elementor-widget-container\">\n\t\t\t\t\t\t\t\t\t\t\t\t\t\t\t<img fetchpriority=\"high\" decoding=\"async\" width=\"768\" height=\"1024\" src=\"https:\/\/taniarubio.com\/wp-content\/uploads\/IMG_4682-768x1024.jpg\" class=\"attachment-large size-large wp-image-4756\" alt=\"\" srcset=\"https:\/\/taniarubio.com\/wp-content\/uploads\/IMG_4682-768x1024.jpg 768w, https:\/\/taniarubio.com\/wp-content\/uploads\/IMG_4682-225x300.jpg 225w, https:\/\/taniarubio.com\/wp-content\/uploads\/IMG_4682-1152x1536.jpg 1152w, https:\/\/taniarubio.com\/wp-content\/uploads\/IMG_4682-1536x2048.jpg 1536w, https:\/\/taniarubio.com\/wp-content\/uploads\/IMG_4682-scaled.jpg 1920w\" sizes=\"(max-width: 768px) 100vw, 768px\" \/>\t\t\t\t\t\t\t\t\t\t\t\t\t\t\t<\/div>\n\t\t\t\t<\/div>\n\t\t\t\t\t<\/div>\n\t\t<\/div>\n\t\t\t\t<div class=\"elementor-column elementor-col-50 elementor-inner-column elementor-element elementor-element-477ae54\" data-id=\"477ae54\" data-element_type=\"column\">\n\t\t\t<div class=\"elementor-widget-wrap elementor-element-populated\">\n\t\t\t\t\t\t<div class=\"elementor-element elementor-element-340ef62 elementor-widget elementor-widget-heading\" data-id=\"340ef62\" data-element_type=\"widget\" data-widget_type=\"heading.default\">\n\t\t\t\t<div class=\"elementor-widget-container\">\n\t\t\t\t\t<h2 class=\"elementor-heading-title elementor-size-default\">Tania Rubio \n<\/h2>\t\t\t\t<\/div>\n\t\t\t\t<\/div>\n\t\t\t\t<div class=\"elementor-element elementor-element-63c6b79 elementor-widget elementor-widget-heading\" data-id=\"63c6b79\" data-element_type=\"widget\" data-widget_type=\"heading.default\">\n\t\t\t\t<div class=\"elementor-widget-container\">\n\t\t\t\t\t<h5 class=\"elementor-heading-title elementor-size-default\">Directora y fundadora \n<\/h5>\t\t\t\t<\/div>\n\t\t\t\t<\/div>\n\t\t\t\t\t<\/div>\n\t\t<\/div>\n\t\t\t\t\t<\/div>\n\t\t<\/section>\n\t\t\t\t\t<\/div>\n\t\t<\/div>\n\t\t\t\t\t<\/div>\n\t\t<\/section>\n\t\t\t\t<section class=\"elementor-section elementor-top-section elementor-element elementor-element-01e2333 elementor-section-boxed elementor-section-height-default elementor-section-height-default\" data-id=\"01e2333\" data-element_type=\"section\">\n\t\t\t\t\t\t<div class=\"elementor-container elementor-column-gap-default\">\n\t\t\t\t\t<div class=\"elementor-column elementor-col-100 elementor-top-column elementor-element elementor-element-3b9bc9c\" data-id=\"3b9bc9c\" data-element_type=\"column\">\n\t\t\t<div class=\"elementor-widget-wrap elementor-element-populated\">\n\t\t\t\t\t\t<div class=\"elementor-element elementor-element-bd58207 elementor-widget elementor-widget-text-editor\" data-id=\"bd58207\" data-element_type=\"widget\" data-widget_type=\"text-editor.default\">\n\t\t\t\t<div class=\"elementor-widget-container\">\n\t\t\t\t\t\t\t\t\t<p>The Acoustic Ecology Laboratory is an interdisciplinary proposal that brings together audiovisual arts and biological sciences through an ecological perspective of sound and space.&nbsp;<\/p>\n<p>The goal of the project is to develop environmental sound art from five main axes: training, research, creation, production and dissemination, based on the crossings between art and science.<\/p>\t\t\t\t\t\t\t\t<\/div>\n\t\t\t\t<\/div>\n\t\t\t\t\t<\/div>\n\t\t<\/div>\n\t\t\t\t\t<\/div>\n\t\t<\/section>\n\t\t\t\t<section class=\"elementor-section elementor-top-section elementor-element elementor-element-c8d66f8 elementor-section-boxed elementor-section-height-default elementor-section-height-default\" data-id=\"c8d66f8\" data-element_type=\"section\">\n\t\t\t\t\t\t<div class=\"elementor-container elementor-column-gap-default\">\n\t\t\t\t\t<div class=\"elementor-column elementor-col-100 elementor-top-column elementor-element elementor-element-aa4349b\" data-id=\"aa4349b\" data-element_type=\"column\">\n\t\t\t<div class=\"elementor-widget-wrap elementor-element-populated\">\n\t\t\t\t\t\t<div class=\"elementor-element elementor-element-e3603e4 dce-col-3 dce-posts-layout-default dce-col-tablet-3 dce-col-mobile-1 dce-align-left elementor-widget elementor-widget-dce-dynamicposts-v2\" data-id=\"e3603e4\" data-element_type=\"widget\" data-settings=\"{&quot;templatemode_linkable&quot;:&quot;yes&quot;,&quot;grid_match_height&quot;:&quot;yes&quot;,&quot;style_items&quot;:&quot;default&quot;,&quot;grid_grid_type&quot;:&quot;flex&quot;}\" data-widget_type=\"dce-dynamicposts-v2.grid\">\n\t\t\t\t<div class=\"elementor-widget-container\">\n\t\t\t\t\t\n\t\t<div class=\"dce-fix-background-loop dce-posts-container dce-posts dce-dynamic-posts-collection  dce-skin-grid dce-skin-grid-flex\">\n\t\t\t\t\t\t<div class=\"dce-posts-wrapper dce-wrapper-grid\">\n\t\t\t\n\t\t<article class=\"post-6843 leam type-leam status-publish has-post-thumbnail hentry dce-post dce-post-item dce-item-grid\" data-dce-post-id=\"6843\" data-dce-post-index=\"0\" data-post-link=\"https:\/\/taniarubio.com\/en\/leam\/1er-festival-internacional-leam-imaginando-futuros-comunes-arte-sustentabilidad-y-cambio-climatico\/\">\n\t\t\t<div class=\"dce-post-block\">\n\t\t<div class=\"dce-item dce-item_image elementor-repeater-item-3320d70\"><a class=\"dce-post-image\" href=\"https:\/\/taniarubio.com\/en\/leam\/1er-festival-internacional-leam-imaginando-futuros-comunes-arte-sustentabilidad-y-cambio-climatico\/\"><figure data-image-ratio=\"1\" class=\"dce-img\"><img decoding=\"async\" width=\"768\" height=\"1024\" src=\"https:\/\/taniarubio.com\/wp-content\/uploads\/Cartel-Fest-LEAM-04-768x1024.jpg\" class=\"\" alt=\"1er Festival Internacional LEAM \u201cImaginando Futuros Comunes\u201d. Arte, Sustentabilidad y Cambio\u00a0Clim\u00e1tico\" srcset=\"https:\/\/taniarubio.com\/wp-content\/uploads\/Cartel-Fest-LEAM-04-768x1024.jpg 768w, https:\/\/taniarubio.com\/wp-content\/uploads\/Cartel-Fest-LEAM-04-225x300.jpg 225w, https:\/\/taniarubio.com\/wp-content\/uploads\/Cartel-Fest-LEAM-04-1152x1536.jpg 1152w, https:\/\/taniarubio.com\/wp-content\/uploads\/Cartel-Fest-LEAM-04-1536x2048.jpg 1536w, https:\/\/taniarubio.com\/wp-content\/uploads\/Cartel-Fest-LEAM-04-9x12.jpg 9w, https:\/\/taniarubio.com\/wp-content\/uploads\/Cartel-Fest-LEAM-04-scaled.jpg 1920w\" sizes=\"(max-width: 768px) 100vw, 768px\" \/><\/figure><\/a><\/div><div class=\"dce-item dce-item_title elementor-repeater-item-3c10b94\"><h5 class=\"dce-post-title\"><a href=\"https:\/\/taniarubio.com\/en\/leam\/1er-festival-internacional-leam-imaginando-futuros-comunes-arte-sustentabilidad-y-cambio-climatico\/\">1er Festival Internacional LEAM \u201cImaginando Futuros Comunes\u201d. Arte, Sustentabilidad y Cambio\u00a0Clim\u00e1tico<\/a><\/h5><\/div>\t\t\t<\/div>\n\t\t<\/article>\n\t\t\n\t\t<article class=\"post-5812 leam type-leam status-publish has-post-thumbnail hentry dce-post dce-post-item dce-item-grid\" data-dce-post-id=\"5812\" data-dce-post-index=\"1\" data-post-link=\"https:\/\/taniarubio.com\/en\/leam\/laboratorio-de-ecologia-acustica-mexico-alemania\/\">\n\t\t\t<div class=\"dce-post-block\">\n\t\t<div class=\"dce-item dce-item_image elementor-repeater-item-3320d70\"><a class=\"dce-post-image\" href=\"https:\/\/taniarubio.com\/en\/leam\/laboratorio-de-ecologia-acustica-mexico-alemania\/\"><figure data-image-ratio=\"1\" class=\"dce-img\"><img decoding=\"async\" width=\"800\" height=\"534\" src=\"https:\/\/taniarubio.com\/wp-content\/uploads\/LEAM_YAXUNAH-1024x683.jpg\" class=\"\" alt=\"Laboratorio de Ecolog\u00eda Ac\u00fastica M\u00e9xico-Alemania\" srcset=\"https:\/\/taniarubio.com\/wp-content\/uploads\/LEAM_YAXUNAH-1024x683.jpg 1024w, https:\/\/taniarubio.com\/wp-content\/uploads\/LEAM_YAXUNAH-300x200.jpg 300w, https:\/\/taniarubio.com\/wp-content\/uploads\/LEAM_YAXUNAH-768x512.jpg 768w, https:\/\/taniarubio.com\/wp-content\/uploads\/LEAM_YAXUNAH-1536x1024.jpg 1536w, https:\/\/taniarubio.com\/wp-content\/uploads\/LEAM_YAXUNAH-2048x1365.jpg 2048w, https:\/\/taniarubio.com\/wp-content\/uploads\/LEAM_YAXUNAH-18x12.jpg 18w\" sizes=\"(max-width: 800px) 100vw, 800px\" \/><\/figure><\/a><\/div><div class=\"dce-item dce-item_title elementor-repeater-item-3c10b94\"><h5 class=\"dce-post-title\"><a href=\"https:\/\/taniarubio.com\/en\/leam\/laboratorio-de-ecologia-acustica-mexico-alemania\/\">Acoustic Ecology Lab Mexico-Germany<\/a><\/h5><\/div>\t\t\t<\/div>\n\t\t<\/article>\n\t\t\n\t\t<article class=\"post-5805 leam type-leam status-publish has-post-thumbnail hentry dce-post dce-post-item dce-item-grid\" data-dce-post-id=\"5805\" data-dce-post-index=\"2\" data-post-link=\"https:\/\/taniarubio.com\/en\/leam\/laboratorio-de-creacion-investigacion-residencia-artistica-de-ecologia-acustica\/\">\n\t\t\t<div class=\"dce-post-block\">\n\t\t<div class=\"dce-item dce-item_image elementor-repeater-item-3320d70\"><a class=\"dce-post-image\" href=\"https:\/\/taniarubio.com\/en\/leam\/laboratorio-de-creacion-investigacion-residencia-artistica-de-ecologia-acustica\/\"><figure data-image-ratio=\"1\" class=\"dce-img\"><img loading=\"lazy\" decoding=\"async\" width=\"791\" height=\"1024\" src=\"https:\/\/taniarubio.com\/wp-content\/uploads\/Ecologi\u0301a-Acu\u0301stic01-791x1024.jpg\" class=\"\" alt=\"Laboratorio de Creaci\u00f3n-Investigaci\u00f3n Residencia Art\u00edstica de Ecolog\u00eda Ac\u00fastica\" srcset=\"https:\/\/taniarubio.com\/wp-content\/uploads\/Ecologi\u0301a-Acu\u0301stic01-791x1024.jpg 791w, https:\/\/taniarubio.com\/wp-content\/uploads\/Ecologi\u0301a-Acu\u0301stic01-232x300.jpg 232w, https:\/\/taniarubio.com\/wp-content\/uploads\/Ecologi\u0301a-Acu\u0301stic01-768x994.jpg 768w, https:\/\/taniarubio.com\/wp-content\/uploads\/Ecologi\u0301a-Acu\u0301stic01-1187x1536.jpg 1187w, https:\/\/taniarubio.com\/wp-content\/uploads\/Ecologi\u0301a-Acu\u0301stic01.jpg 1275w\" sizes=\"(max-width: 791px) 100vw, 791px\" \/><\/figure><\/a><\/div><div class=\"dce-item dce-item_title elementor-repeater-item-3c10b94\"><h5 class=\"dce-post-title\"><a href=\"https:\/\/taniarubio.com\/en\/leam\/laboratorio-de-creacion-investigacion-residencia-artistica-de-ecologia-acustica\/\">Creation-Research Lab - Acoustic Ecology Artistic Residency<\/a><\/h5><\/div>\t\t\t<\/div>\n\t\t<\/article>\n\t\t\t\t\t<\/div>\n\t\t\t\t\t<\/div>\n\t\t\t\t\t\t<\/div>\n\t\t\t\t<\/div>\n\t\t\t\t\t<\/div>\n\t\t<\/div>\n\t\t\t\t\t<\/div>\n\t\t<\/section>\n\t\t\t\t<\/div>","protected":false},"excerpt":{"rendered":"<p>Tania Rubio Directora y fundadora El Laboratorio de Ecolog\u00eda Ac\u00fastica es una propuesta interdisciplinaria que re\u00fane artes audiovisuales y las ciencias biol\u00f3gicas a trav\u00e9s de una perspectiva ecol\u00f3gica del sonido y el espacio.&nbsp; El objetivo del proyecto es desarrollar arte sonoro medio ambiental desde cinco ejes principales: formaci\u00f3n, investigaci\u00f3n, creaci\u00f3n, producci\u00f3n y divulgaci\u00f3n, a partir [&hellip;]<\/p>\n","protected":false},"author":1,"featured_media":0,"parent":0,"menu_order":6,"comment_status":"closed","ping_status":"closed","template":"elementor_header_footer","meta":{"_acf_changed":false,"footnotes":""},"class_list":["post-5592","page","type-page","status-publish","hentry"],"acf":[],"_links":{"self":[{"href":"https:\/\/taniarubio.com\/en\/wp-json\/wp\/v2\/pages\/5592","targetHints":{"allow":["GET"]}}],"collection":[{"href":"https:\/\/taniarubio.com\/en\/wp-json\/wp\/v2\/pages"}],"about":[{"href":"https:\/\/taniarubio.com\/en\/wp-json\/wp\/v2\/types\/page"}],"author":[{"embeddable":true,"href":"https:\/\/taniarubio.com\/en\/wp-json\/wp\/v2\/users\/1"}],"replies":[{"embeddable":true,"href":"https:\/\/taniarubio.com\/en\/wp-json\/wp\/v2\/comments?post=5592"}],"version-history":[{"count":81,"href":"https:\/\/taniarubio.com\/en\/wp-json\/wp\/v2\/pages\/5592\/revisions"}],"predecessor-version":[{"id":6428,"href":"https:\/\/taniarubio.com\/en\/wp-json\/wp\/v2\/pages\/5592\/revisions\/6428"}],"wp:attachment":[{"href":"https:\/\/taniarubio.com\/en\/wp-json\/wp\/v2\/media?parent=5592"}],"curies":[{"name":"wp","href":"https:\/\/api.w.org\/{rel}","templated":true}]}}